{"id":3309,"date":"2026-04-03T15:10:01","date_gmt":"2026-04-03T15:10:01","guid":{"rendered":"https:\/\/raroridingschool.com\/?page_id=3309"},"modified":"2026-04-10T15:05:28","modified_gmt":"2026-04-10T15:05:28","slug":"iniciacion-moto","status":"publish","type":"page","link":"https:\/\/raroridingschool.com\/?page_id=3309","title":{"rendered":"Iniciaci\u00f3n moto"},"content":{"rendered":"\t\t<div data-elementor-type=\"wp-page\" data-elementor-id=\"3309\" class=\"elementor elementor-3309\">\n\t\t\t\t\t\t<section class=\"elementor-section elementor-top-section elementor-element elementor-element-d5e109a elementor-section-full_width elementor-section-stretched elementor-section-height-default elementor-section-height-default\" data-id=\"d5e109a\" data-element_type=\"section\" data-e-type=\"section\" data-settings=\"{&quot;stretch_section&quot;:&quot;section-stretched&quot;,&quot;background_background&quot;:&quot;classic&quot;}\">\n\t\t\t\t\t\t<div class=\"elementor-container elementor-column-gap-wide\">\n\t\t\t\t\t<div class=\"elementor-column elementor-col-33 elementor-top-column elementor-element elementor-element-c1b3705\" data-id=\"c1b3705\" data-element_type=\"column\" data-e-type=\"column\">\n\t\t\t<div class=\"elementor-widget-wrap elementor-element-populated\">\n\t\t\t\t\t\t<div class=\"elementor-element elementor-element-9aa8335 elementor-widget elementor-widget-image\" data-id=\"9aa8335\" data-element_type=\"widget\" data-e-type=\"widget\" data-widget_type=\"image.default\">\n\t\t\t\t<div class=\"elementor-widget-container\">\n\t\t\t\t\t\t\t\t\t\t\t\t\t\t\t<img fetchpriority=\"high\" decoding=\"async\" width=\"950\" height=\"634\" src=\"https:\/\/raroridingschool.com\/wp-content\/uploads\/2026\/04\/rrs_iniciomoto-1024x683.jpg\" class=\"attachment-large size-large wp-image-3320\" alt=\"\" srcset=\"https:\/\/raroridingschool.com\/wp-content\/uploads\/2026\/04\/rrs_iniciomoto-1024x683.jpg 1024w, https:\/\/raroridingschool.com\/wp-content\/uploads\/2026\/04\/rrs_iniciomoto-300x200.jpg 300w, https:\/\/raroridingschool.com\/wp-content\/uploads\/2026\/04\/rrs_iniciomoto-2000x1333.jpg 2000w, https:\/\/raroridingschool.com\/wp-content\/uploads\/2026\/04\/rrs_iniciomoto-1536x1024.jpg 1536w, https:\/\/raroridingschool.com\/wp-content\/uploads\/2026\/04\/rrs_iniciomoto-2048x1365.jpg 2048w\" sizes=\"100vw\" \/>\t\t\t\t\t\t\t\t\t\t\t\t\t\t\t<\/div>\n\t\t\t\t<\/div>\n\t\t\t\t\t<\/div>\n\t\t<\/div>\n\t\t\t\t<div class=\"elementor-column elementor-col-66 elementor-top-column elementor-element elementor-element-f2d9918\" data-id=\"f2d9918\" data-element_type=\"column\" data-e-type=\"column\">\n\t\t\t<div class=\"elementor-widget-wrap elementor-element-populated\">\n\t\t\t\t\t\t<div class=\"elementor-element elementor-element-c4bad79 elementor-widget elementor-widget-text-editor\" data-id=\"c4bad79\" data-element_type=\"widget\" data-e-type=\"widget\" data-widget_type=\"text-editor.default\">\n\t\t\t\t<div class=\"elementor-widget-container\">\n\t\t\t\t\t\t\t\t\t<p>\u00bfEst\u00e1s empezando y quieres coger la confianza que necesitas? Desde <b>RARO Riding School<\/b> ofrecemos clases dirigidas a los que os est\u00e1is iniciando en la moto y el circuito.<\/p><p>\u00a1No importa tu nivel! Reserva ya tu clase particular y empezaremos el camino para que te lo pases en grande en los circuitos y ruedes m\u00e1s seguro. \u00bfNo tienes material para empezar? Ning\u00fan problema. Tenemos material en alquiler para que te olvides de todo y vengas a disfrutar.<\/p><p>\u00bfAparte de iniciarte <strong>tienes entre 3 y 7 a\u00f1os<\/strong>? \u00a1Has llegado al sitio ideal! Desde <strong>RARO Riding School<\/strong> ofrecemos una clases de bautizo espec\u00edficas d\u00f3nde os ayudamos a empezar sin miedos y sin presi\u00f3n. Vive la emoci\u00f3n de las dos ruedas desde cero, con instrucci\u00f3n personalizada, acceso a pista, moto, seguro y equipamiento completo para una experiencia segura y llena de adrenalina. \u00a1A divertirse y empezar con la mayor seguridad!<\/p><p>Y si ves que una clase te queda corta, tenemos el pack de 4 clases de iniciaci\u00f3n al motociclismo: dominar\u00e1s las bases para que cada clase te acerque m\u00e1s a tu pr\u00f3xima aventura sobre dos ruedas.<\/p><p>No dudes en preguntarnos ante cualquier duda que puedas tener.<\/p>\t\t\t\t\t\t\t\t<\/div>\n\t\t\t\t<\/div>\n\t\t\t\t\t<\/div>\n\t\t<\/div>\n\t\t\t\t\t<\/div>\n\t\t<\/section>\n\t\t\t\t<section class=\"elementor-section elementor-top-section elementor-element elementor-element-f688f5c elementor-section-boxed elementor-section-height-default elementor-section-height-default\" data-id=\"f688f5c\" data-element_type=\"section\" data-e-type=\"section\">\n\t\t\t\t\t\t<div class=\"elementor-container elementor-column-gap-default\">\n\t\t\t\t\t<div class=\"elementor-column elementor-col-100 elementor-top-column elementor-element elementor-element-00ebffd\" data-id=\"00ebffd\" data-element_type=\"column\" data-e-type=\"column\">\n\t\t\t<div class=\"elementor-widget-wrap elementor-element-populated\">\n\t\t\t\t\t\t<div class=\"elementor-element elementor-element-255ce1b elementor-widget elementor-widget-heading\" data-id=\"255ce1b\" data-element_type=\"widget\" data-e-type=\"widget\" data-widget_type=\"heading.default\">\n\t\t\t\t<div class=\"elementor-widget-container\">\n\t\t\t\t\t<h2 class=\"elementor-heading-title elementor-size-default\">OPCIONES Y TARIFAS<\/h2>\t\t\t\t<\/div>\n\t\t\t\t<\/div>\n\t\t\t\t\t<\/div>\n\t\t<\/div>\n\t\t\t\t\t<\/div>\n\t\t<\/section>\n\t\t\t\t<section class=\"elementor-section elementor-top-section elementor-element elementor-element-fd9f845 elementor-section-full_width elementor-section-stretched elementor-section-height-default elementor-section-height-default\" data-id=\"fd9f845\" data-element_type=\"section\" data-e-type=\"section\" data-settings=\"{&quot;stretch_section&quot;:&quot;section-stretched&quot;}\">\n\t\t\t\t\t\t<div class=\"elementor-container elementor-column-gap-wide\">\n\t\t\t\t\t<div class=\"elementor-column elementor-col-33 elementor-top-column elementor-element elementor-element-f7d4e9f\" data-id=\"f7d4e9f\" data-element_type=\"column\" data-e-type=\"column\">\n\t\t\t<div class=\"elementor-widget-wrap elementor-element-populated\">\n\t\t\t\t\t\t<div class=\"elementor-element elementor-element-ac62ad7 elementor-widget elementor-widget-wpzoom-elementor-addons-pricing-table\" data-id=\"ac62ad7\" data-element_type=\"widget\" data-e-type=\"widget\" data-widget_type=\"wpzoom-elementor-addons-pricing-table.default\">\n\t\t\t\t<div class=\"elementor-widget-container\">\n\t\t\t\t\t\n\t\t\n\t\t<div class=\"wpz-pricing-table-header\">\n\t\t\t\t\t\t\t<h2 class=\"wpz-pricing-table-title\">Clase particular<\/h2>\n\t\t\t\t\t<\/div>\n\t\t<div class=\"wpz-pricing-table-price\">\n\t\t\t<div class=\"wpz-pricing-table-price-tag\"><span class=\"wpz-pricing-table-currency\">&#128;<\/span><span class=\"wpz-pricing-table-price-text\">45<\/span><\/div>\n\t\t\t\t\t\t\t<div class=\"wpz-pricing-table-period\">\/h<\/div>\n\t\t\t\t\t\t\t\t<\/div>\n\n\t\t<div class=\"wpz-pricing-table-body\">\n\t\t\t\t\t\t\t<h3 class=\"wpz-pricing-table-features-title\">Detalles<\/h3>\n\t\t\t\n\t\t\t\t\t\t\t<ul class=\"wpz-pricing-table-features-list\">\n\t\t\t\t\t\t\t\t\t\t\t<li class=\"elementor-repeater-item-fbaf6f5\">\n\t\t\t\t\t\t\t<i class=\"fas fa-info\"><\/i>\t\t\t\t\t\t\t<div class=\"wpz-pricing-table-feature-text\">Monitor particular<\/div>\n\t\t\t\t\t\t<\/li>\n\t\t\t\t\t\t\t\t\t\t\t<li class=\"elementor-repeater-item-93c16c3\">\n\t\t\t\t\t\t\t<i class=\"fas fa-info\"><\/i>\t\t\t\t\t\t\t<div class=\"wpz-pricing-table-feature-text\">Lunes y martes entre las 18h a 20h<\/div>\n\t\t\t\t\t\t<\/li>\n\t\t\t\t\t\t\t\t\t\t\t<li class=\"elementor-repeater-item-731c1d0\">\n\t\t\t\t\t\t\t<i class=\"fas fa-check\"><\/i>\t\t\t\t\t\t\t<div class=\"wpz-pricing-table-feature-text\">Seguro de lluvia (cambio de fecha)<\/div>\n\t\t\t\t\t\t<\/li>\n\t\t\t\t\t\t\t\t\t\t\t<li class=\"elementor-repeater-item-6abbc25\">\n\t\t\t\t\t\t\t<i class=\"fas fa-check\"><\/i>\t\t\t\t\t\t\t<div class=\"wpz-pricing-table-feature-text\">Opci\u00f3n de alquiler de moto y material (consultar)<\/div>\n\t\t\t\t\t\t<\/li>\n\t\t\t\t\t\t\t\t\t<\/ul>\n\t\t\t\t\t<\/div>\n\n\t\t\t\t\t<a class=\"wpz-pricing-table-btn\" href=\"https:\/\/wa.me\/655699107?text=Hola!%20Querr\u00eda%20informaci\u00f3n%20de%20la%20Clase%20Particular%20de%20Iniciaci\u00f3n%20Moto\">Solict\u00edtalo<\/a>\n\t\t\n\t\t\t\t\t\t<\/div>\n\t\t\t\t<\/div>\n\t\t\t\t\t<\/div>\n\t\t<\/div>\n\t\t\t\t<div class=\"elementor-column elementor-col-33 elementor-top-column elementor-element elementor-element-c2d5659\" data-id=\"c2d5659\" data-element_type=\"column\" data-e-type=\"column\">\n\t\t\t<div class=\"elementor-widget-wrap elementor-element-populated\">\n\t\t\t\t\t\t<div class=\"elementor-element elementor-element-de47046 elementor-widget elementor-widget-wpzoom-elementor-addons-pricing-table\" data-id=\"de47046\" data-element_type=\"widget\" data-e-type=\"widget\" data-widget_type=\"wpzoom-elementor-addons-pricing-table.default\">\n\t\t\t\t<div class=\"elementor-widget-container\">\n\t\t\t\t\t\n\t\t\n\t\t<div class=\"wpz-pricing-table-header\">\n\t\t\t\t\t\t\t<h2 class=\"wpz-pricing-table-title\">Clase bautizo<\/h2>\n\t\t\t\t\t<\/div>\n\t\t<div class=\"wpz-pricing-table-price\">\n\t\t\t<div class=\"wpz-pricing-table-price-tag\"><span class=\"wpz-pricing-table-currency\">&#128;<\/span><span class=\"wpz-pricing-table-price-text\">100<\/span><\/div>\n\t\t\t\t\t\t\t<div class=\"wpz-pricing-table-period\">\/clase<\/div>\n\t\t\t\t\t\t\t\t<\/div>\n\n\t\t<div class=\"wpz-pricing-table-body\">\n\t\t\t\t\t\t\t<h3 class=\"wpz-pricing-table-features-title\">Detalles<\/h3>\n\t\t\t\n\t\t\t\t\t\t\t<ul class=\"wpz-pricing-table-features-list\">\n\t\t\t\t\t\t\t\t\t\t\t<li class=\"elementor-repeater-item-fbaf6f5\">\n\t\t\t\t\t\t\t<i class=\"fas fa-info\"><\/i>\t\t\t\t\t\t\t<div class=\"wpz-pricing-table-feature-text\">Enfocada a ni\u00f1os entre 3 y 7 a\u00f1os<\/div>\n\t\t\t\t\t\t<\/li>\n\t\t\t\t\t\t\t\t\t\t\t<li class=\"elementor-repeater-item-93c16c3\">\n\t\t\t\t\t\t\t<i class=\"fas fa-info\"><\/i>\t\t\t\t\t\t\t<div class=\"wpz-pricing-table-feature-text\">Lunes, martes o s\u00e1bado (seg\u00fan disponibilidad)<\/div>\n\t\t\t\t\t\t<\/li>\n\t\t\t\t\t\t\t\t\t\t\t<li class=\"elementor-repeater-item-731c1d0\">\n\t\t\t\t\t\t\t<i class=\"fas fa-check\"><\/i>\t\t\t\t\t\t\t<div class=\"wpz-pricing-table-feature-text\">Seguro de lluvia (cambio de fecha)<\/div>\n\t\t\t\t\t\t<\/li>\n\t\t\t\t\t\t\t\t\t\t\t<li class=\"elementor-repeater-item-6abbc25\">\n\t\t\t\t\t\t\t<i class=\"fas fa-check\"><\/i>\t\t\t\t\t\t\t<div class=\"wpz-pricing-table-feature-text\">Incluye alquiler de moto y material (consultar antes)<\/div>\n\t\t\t\t\t\t<\/li>\n\t\t\t\t\t\t\t\t\t<\/ul>\n\t\t\t\t\t<\/div>\n\n\t\t\t\t\t<a class=\"wpz-pricing-table-btn\" href=\"https:\/\/wa.me\/655699107?text=Hola!%20Querr\u00eda%20informaci\u00f3n%20de%20la%20Clase%20Bautizo%20de%20Iniciaci\u00f3n%20Moto\">Solic\u00edtalo<\/a>\n\t\t\n\t\t\t\t\t\t<\/div>\n\t\t\t\t<\/div>\n\t\t\t\t\t<\/div>\n\t\t<\/div>\n\t\t\t\t<div class=\"elementor-column elementor-col-33 elementor-top-column elementor-element elementor-element-2747a1f\" data-id=\"2747a1f\" data-element_type=\"column\" data-e-type=\"column\">\n\t\t\t<div class=\"elementor-widget-wrap elementor-element-populated\">\n\t\t\t\t\t\t<div class=\"elementor-element elementor-element-17f2c0d elementor-widget elementor-widget-wpzoom-elementor-addons-pricing-table\" data-id=\"17f2c0d\" data-element_type=\"widget\" data-e-type=\"widget\" data-widget_type=\"wpzoom-elementor-addons-pricing-table.default\">\n\t\t\t\t<div class=\"elementor-widget-container\">\n\t\t\t\t\t\n\t\t\t\t\t<span class=\"wpz-pricing-table-badge wpz-pricing-table-badge--right\">Relaci\u00f3n calidad-precio<\/span>\n\t\t\n\t\t<div class=\"wpz-pricing-table-header\">\n\t\t\t\t\t\t\t<h2 class=\"wpz-pricing-table-title\">Pack 4 clases bautizo<\/h2>\n\t\t\t\t\t<\/div>\n\t\t<div class=\"wpz-pricing-table-price\">\n\t\t\t<div class=\"wpz-pricing-table-price-tag\"><span class=\"wpz-pricing-table-currency\">&#128;<\/span><span class=\"wpz-pricing-table-price-text\">350<\/span><\/div>\n\t\t\t\t\t\t\t<div class=\"wpz-pricing-table-period\">\/pack<\/div>\n\t\t\t\t\t\t\t\t<\/div>\n\n\t\t<div class=\"wpz-pricing-table-body\">\n\t\t\t\t\t\t\t<h3 class=\"wpz-pricing-table-features-title\">Detalles<\/h3>\n\t\t\t\n\t\t\t\t\t\t\t<ul class=\"wpz-pricing-table-features-list\">\n\t\t\t\t\t\t\t\t\t\t\t<li class=\"elementor-repeater-item-fbaf6f5\">\n\t\t\t\t\t\t\t<i class=\"fas fa-info\"><\/i>\t\t\t\t\t\t\t<div class=\"wpz-pricing-table-feature-text\">Enfocada a ni\u00f1os entre 3 y 7 a\u00f1os<\/div>\n\t\t\t\t\t\t<\/li>\n\t\t\t\t\t\t\t\t\t\t\t<li class=\"elementor-repeater-item-93c16c3\">\n\t\t\t\t\t\t\t<i class=\"fas fa-info\"><\/i>\t\t\t\t\t\t\t<div class=\"wpz-pricing-table-feature-text\">Lunes, martes o s\u00e1bado (seg\u00fan disponibilidad)<\/div>\n\t\t\t\t\t\t<\/li>\n\t\t\t\t\t\t\t\t\t\t\t<li class=\"elementor-repeater-item-731c1d0\">\n\t\t\t\t\t\t\t<i class=\"fas fa-check\"><\/i>\t\t\t\t\t\t\t<div class=\"wpz-pricing-table-feature-text\">Seguro de lluvia (cambio de fecha)<\/div>\n\t\t\t\t\t\t<\/li>\n\t\t\t\t\t\t\t\t\t\t\t<li class=\"elementor-repeater-item-6abbc25\">\n\t\t\t\t\t\t\t<i class=\"fas fa-check\"><\/i>\t\t\t\t\t\t\t<div class=\"wpz-pricing-table-feature-text\">Incluye alquiler de moto y material (consultar antes)<\/div>\n\t\t\t\t\t\t<\/li>\n\t\t\t\t\t\t\t\t\t<\/ul>\n\t\t\t\t\t<\/div>\n\n\t\t\t\t\t<a class=\"wpz-pricing-table-btn\" href=\"https:\/\/wa.me\/655699107?text=Hola!%20Querr\u00eda%20informaci\u00f3n%20del%20Pack%204%20Clases%20Bautizo%20de%20Iniciaci\u00f3n%20Moto\">Solic\u00edtalo<\/a>\n\t\t\n\t\t\t\t\t\t<\/div>\n\t\t\t\t<\/div>\n\t\t\t\t\t<\/div>\n\t\t<\/div>\n\t\t\t\t\t<\/div>\n\t\t<\/section>\n\t\t\t\t<section class=\"elementor-section elementor-top-section elementor-element elementor-element-72dac93 elementor-section-boxed elementor-section-height-default elementor-section-height-default\" data-id=\"72dac93\" data-element_type=\"section\" data-e-type=\"section\">\n\t\t\t\t\t\t<div class=\"elementor-container elementor-column-gap-default\">\n\t\t\t\t\t<div class=\"elementor-column elementor-col-100 elementor-top-column elementor-element elementor-element-526491e\" data-id=\"526491e\" data-element_type=\"column\" data-e-type=\"column\">\n\t\t\t<div class=\"elementor-widget-wrap elementor-element-populated\">\n\t\t\t\t\t\t<div class=\"elementor-element elementor-element-8684d46 elementor-widget elementor-widget-text-editor\" data-id=\"8684d46\" data-element_type=\"widget\" data-e-type=\"widget\" data-widget_type=\"text-editor.default\">\n\t\t\t\t<div class=\"elementor-widget-container\">\n\t\t\t\t\t\t\t\t\t<p>Precios SIN IVA incluido.<\/p><p>El pago se puede realizar por transferencia o Bizum.<\/p>\t\t\t\t\t\t\t\t<\/div>\n\t\t\t\t<\/div>\n\t\t\t\t\t<\/div>\n\t\t<\/div>\n\t\t\t\t\t<\/div>\n\t\t<\/section>\n\t\t\t\t<\/div>\n\t\t","protected":false},"excerpt":{"rendered":"<p>\u00bfEst\u00e1s empezando y quieres coger la confianza que necesitas? Desde RARO Riding School ofrecemos clases dirigidas a los que os est\u00e1is iniciando en la moto y el circuito. \u00a1No importa tu nivel! Reserva ya tu clase particular y empezaremos el camino para que te lo pases en grande en los circuitos y ruedes m\u00e1s seguro. &hellip; <\/p>\n<p class=\"link-more\"><a href=\"https:\/\/raroridingschool.com\/?page_id=3309\" class=\"more-link\">Leer m\u00e1s<span class=\"screen-reader-text\"> \u00abIniciaci\u00f3n moto\u00bb<\/span><\/a><\/p>\n","protected":false},"author":1,"featured_media":0,"parent":0,"menu_order":0,"comment_status":"closed","ping_status":"closed","template":"","meta":{"inspiro_hide_title":false,"footnotes":""},"class_list":["post-3309","page","type-page","status-publish","hentry"],"aioseo_notices":[],"_links":{"self":[{"href":"https:\/\/raroridingschool.com\/index.php?rest_route=\/wp\/v2\/pages\/3309","targetHints":{"allow":["GET"]}}],"collection":[{"href":"https:\/\/raroridingschool.com\/index.php?rest_route=\/wp\/v2\/pages"}],"about":[{"href":"https:\/\/raroridingschool.com\/index.php?rest_route=\/wp\/v2\/types\/page"}],"author":[{"embeddable":true,"href":"https:\/\/raroridingschool.com\/index.php?rest_route=\/wp\/v2\/users\/1"}],"replies":[{"embeddable":true,"href":"https:\/\/raroridingschool.com\/index.php?rest_route=%2Fwp%2Fv2%2Fcomments&post=3309"}],"version-history":[{"count":16,"href":"https:\/\/raroridingschool.com\/index.php?rest_route=\/wp\/v2\/pages\/3309\/revisions"}],"predecessor-version":[{"id":3414,"href":"https:\/\/raroridingschool.com\/index.php?rest_route=\/wp\/v2\/pages\/3309\/revisions\/3414"}],"wp:attachment":[{"href":"https:\/\/raroridingschool.com\/index.php?rest_route=%2Fwp%2Fv2%2Fmedia&parent=3309"}],"curies":[{"name":"wp","href":"https:\/\/api.w.org\/{rel}","templated":true}]}}