{"id":247,"date":"2021-11-28T17:43:15","date_gmt":"2021-11-28T17:43:15","guid":{"rendered":"https:\/\/raroridingschool.com\/?page_id=247"},"modified":"2025-11-11T07:35:29","modified_gmt":"2025-11-11T07:35:29","slug":"metodo-raro-riding-school","status":"publish","type":"page","link":"https:\/\/raroridingschool.com\/?page_id=247","title":{"rendered":"M\u00e9todo RARO Riding School"},"content":{"rendered":"\t\t<div data-elementor-type=\"wp-page\" data-elementor-id=\"247\" class=\"elementor elementor-247\">\n\t\t\t\t\t\t<section class=\"elementor-section elementor-top-section elementor-element elementor-element-3424bb6 elementor-section-full_width elementor-section-stretched elementor-section-height-default elementor-section-height-default\" data-id=\"3424bb6\" data-element_type=\"section\" data-e-type=\"section\" data-settings=\"{&quot;stretch_section&quot;:&quot;section-stretched&quot;}\">\n\t\t\t\t\t\t<div class=\"elementor-container elementor-column-gap-default\">\n\t\t\t\t\t<div class=\"elementor-column elementor-col-25 elementor-top-column elementor-element elementor-element-5831b05\" data-id=\"5831b05\" data-element_type=\"column\" data-e-type=\"column\">\n\t\t\t<div class=\"elementor-widget-wrap elementor-element-populated\">\n\t\t\t\t\t\t<div class=\"elementor-element elementor-element-681b9a1 elementor-widget elementor-widget-image\" data-id=\"681b9a1\" data-element_type=\"widget\" data-e-type=\"widget\" data-widget_type=\"image.default\">\n\t\t\t\t<div class=\"elementor-widget-container\">\n\t\t\t\t\t\t\t\t\t\t\t\t\t\t\t<img fetchpriority=\"high\" decoding=\"async\" width=\"950\" height=\"950\" src=\"https:\/\/raroridingschool.com\/wp-content\/uploads\/2021\/11\/RRS-Entrenamiento-Elite-Diagram-1024x1024.jpg\" class=\"attachment-large size-large wp-image-248\" alt=\"\" srcset=\"https:\/\/raroridingschool.com\/wp-content\/uploads\/2021\/11\/RRS-Entrenamiento-Elite-Diagram-1024x1024.jpg 1024w, https:\/\/raroridingschool.com\/wp-content\/uploads\/2021\/11\/RRS-Entrenamiento-Elite-Diagram-300x300.jpg 300w, https:\/\/raroridingschool.com\/wp-content\/uploads\/2021\/11\/RRS-Entrenamiento-Elite-Diagram-150x150.jpg 150w, https:\/\/raroridingschool.com\/wp-content\/uploads\/2021\/11\/RRS-Entrenamiento-Elite-Diagram-768x768.jpg 768w, https:\/\/raroridingschool.com\/wp-content\/uploads\/2021\/11\/RRS-Entrenamiento-Elite-Diagram-1536x1536.jpg 1536w, https:\/\/raroridingschool.com\/wp-content\/uploads\/2021\/11\/RRS-Entrenamiento-Elite-Diagram.jpg 1600w\" sizes=\"100vw\" \/>\t\t\t\t\t\t\t\t\t\t\t\t\t\t\t<\/div>\n\t\t\t\t<\/div>\n\t\t\t\t\t<\/div>\n\t\t<\/div>\n\t\t\t\t<div class=\"elementor-column elementor-col-50 elementor-top-column elementor-element elementor-element-04af96d\" data-id=\"04af96d\" data-element_type=\"column\" data-e-type=\"column\">\n\t\t\t<div class=\"elementor-widget-wrap elementor-element-populated\">\n\t\t\t\t\t\t<div class=\"elementor-element elementor-element-3b4dfec elementor-widget elementor-widget-heading\" data-id=\"3b4dfec\" data-element_type=\"widget\" data-e-type=\"widget\" data-widget_type=\"heading.default\">\n\t\t\t\t<div class=\"elementor-widget-container\">\n\t\t\t\t\t<h2 class=\"elementor-heading-title elementor-size-default\">Nuestro M\u00e9todo RRS<\/h2>\t\t\t\t<\/div>\n\t\t\t\t<\/div>\n\t\t\t\t<div class=\"elementor-element elementor-element-8091b62 elementor-widget elementor-widget-text-editor\" data-id=\"8091b62\" data-element_type=\"widget\" data-e-type=\"widget\" data-widget_type=\"text-editor.default\">\n\t\t\t\t<div class=\"elementor-widget-container\">\n\t\t\t\t\t\t\t\t\t<p style=\"text-align: center;\">Hemos desarrollado un <strong>m\u00e9todo propio<\/strong> basado en tres pilares de entrenamiento: <b>F\u00cdSICO, T\u00c9CNICO Y MENTAL<\/b>. Nos centramos en sacar el m\u00e1ximo rendimiento y conseguir el mejor piloto que puedas ser. Es por eso que en nuestro punto de mira tenemos el perfil de un\u00a0<b>piloto de \u00e9lite<\/b>.<\/p><p style=\"text-align: center;\">Sabemos que cada piloto tiene su propia evoluci\u00f3n y necesidades espec\u00edficas. Por eso hacemos un constante <b>an\u00e1lisis personal<\/b> de su evoluci\u00f3n. A trav\u00e9s del <strong>m\u00e9todo RSS<\/strong> ofrecemos la posibilidad de vivir en la estructura de Raro School para seguir inmerso al 100% en el mundo de la moto sin dejar de lado la formaci\u00f3n de cada piloto.<\/p>\t\t\t\t\t\t\t\t<\/div>\n\t\t\t\t<\/div>\n\t\t\t\t\t<\/div>\n\t\t<\/div>\n\t\t\t\t<div class=\"elementor-column elementor-col-25 elementor-top-column elementor-element elementor-element-62d1f27\" data-id=\"62d1f27\" data-element_type=\"column\" data-e-type=\"column\">\n\t\t\t<div class=\"elementor-widget-wrap elementor-element-populated\">\n\t\t\t\t\t\t<div class=\"elementor-element elementor-element-7173eb3 elementor-widget elementor-widget-image\" data-id=\"7173eb3\" data-element_type=\"widget\" data-e-type=\"widget\" data-widget_type=\"image.default\">\n\t\t\t\t<div class=\"elementor-widget-container\">\n\t\t\t\t\t\t\t\t\t\t\t\t\t\t\t<img decoding=\"async\" width=\"950\" height=\"894\" src=\"https:\/\/raroridingschool.com\/wp-content\/uploads\/2021\/11\/RRS-Pentagrama-chart-1024x964.png\" class=\"attachment-large size-large wp-image-249\" alt=\"\" srcset=\"https:\/\/raroridingschool.com\/wp-content\/uploads\/2021\/11\/RRS-Pentagrama-chart-1024x964.png 1024w, https:\/\/raroridingschool.com\/wp-content\/uploads\/2021\/11\/RRS-Pentagrama-chart-300x282.png 300w, https:\/\/raroridingschool.com\/wp-content\/uploads\/2021\/11\/RRS-Pentagrama-chart-768x723.png 768w, https:\/\/raroridingschool.com\/wp-content\/uploads\/2021\/11\/RRS-Pentagrama-chart.png 1404w\" sizes=\"100vw\" \/>\t\t\t\t\t\t\t\t\t\t\t\t\t\t\t<\/div>\n\t\t\t\t<\/div>\n\t\t\t\t\t<\/div>\n\t\t<\/div>\n\t\t\t\t\t<\/div>\n\t\t<\/section>\n\t\t\t\t<section class=\"elementor-section elementor-top-section elementor-element elementor-element-2996ef5 elementor-section-full_width elementor-section-content-space-between elementor-section-stretched elementor-section-height-default elementor-section-height-default\" data-id=\"2996ef5\" data-element_type=\"section\" data-e-type=\"section\" data-settings=\"{&quot;stretch_section&quot;:&quot;section-stretched&quot;}\">\n\t\t\t\t\t\t\t<div class=\"elementor-background-overlay\"><\/div>\n\t\t\t\t\t\t\t<div class=\"elementor-container elementor-column-gap-default\">\n\t\t\t\t\t<div class=\"elementor-column elementor-col-100 elementor-top-column elementor-element elementor-element-c5156a8\" data-id=\"c5156a8\" data-element_type=\"column\" data-e-type=\"column\">\n\t\t\t<div class=\"elementor-widget-wrap elementor-element-populated\">\n\t\t\t\t\t\t<div class=\"elementor-element elementor-element-93a228f elementor-widget elementor-widget-heading\" data-id=\"93a228f\" data-element_type=\"widget\" data-e-type=\"widget\" data-widget_type=\"heading.default\">\n\t\t\t\t<div class=\"elementor-widget-container\">\n\t\t\t\t\t<h2 class=\"elementor-heading-title elementor-size-default\">Nuestras actividades<\/h2>\t\t\t\t<\/div>\n\t\t\t\t<\/div>\n\t\t\t\t\t<\/div>\n\t\t<\/div>\n\t\t\t\t\t<\/div>\n\t\t<\/section>\n\t\t\t\t<section class=\"elementor-section elementor-top-section elementor-element elementor-element-b2193d1 elementor-section-full_width elementor-section-stretched elementor-section-height-default elementor-section-height-default\" data-id=\"b2193d1\" data-element_type=\"section\" data-e-type=\"section\" data-settings=\"{&quot;stretch_section&quot;:&quot;section-stretched&quot;}\">\n\t\t\t\t\t\t<div class=\"elementor-container elementor-column-gap-default\">\n\t\t\t\t\t<div class=\"elementor-column elementor-col-66 elementor-top-column elementor-element elementor-element-125214f\" data-id=\"125214f\" data-element_type=\"column\" data-e-type=\"column\">\n\t\t\t<div class=\"elementor-widget-wrap elementor-element-populated\">\n\t\t\t\t\t\t<div class=\"elementor-element elementor-element-8aea1e7 elementor-widget elementor-widget-image\" data-id=\"8aea1e7\" data-element_type=\"widget\" data-e-type=\"widget\" data-widget_type=\"image.default\">\n\t\t\t\t<div class=\"elementor-widget-container\">\n\t\t\t\t\t\t\t\t\t\t\t\t\t\t\t<img decoding=\"async\" src=\"https:\/\/raroridingschool.com\/wp-content\/uploads\/2021\/10\/RRS-02-3-En-accion.jpg\" title=\"\" alt=\"\" loading=\"lazy\" \/>\t\t\t\t\t\t\t\t\t\t\t\t\t\t\t<\/div>\n\t\t\t\t<\/div>\n\t\t\t\t\t<\/div>\n\t\t<\/div>\n\t\t\t\t<div class=\"elementor-column elementor-col-33 elementor-top-column elementor-element elementor-element-5cb746a\" data-id=\"5cb746a\" data-element_type=\"column\" data-e-type=\"column\">\n\t\t\t<div class=\"elementor-widget-wrap elementor-element-populated\">\n\t\t\t\t\t\t<div class=\"elementor-element elementor-element-2b91d35 elementor-widget elementor-widget-heading\" data-id=\"2b91d35\" data-element_type=\"widget\" data-e-type=\"widget\" data-widget_type=\"heading.default\">\n\t\t\t\t<div class=\"elementor-widget-container\">\n\t\t\t\t\t<h2 class=\"elementor-heading-title elementor-size-default\">Entreno MiniGP<\/h2>\t\t\t\t<\/div>\n\t\t\t\t<\/div>\n\t\t\t\t<div class=\"elementor-element elementor-element-9c7987d elementor-widget elementor-widget-text-editor\" data-id=\"9c7987d\" data-element_type=\"widget\" data-e-type=\"widget\" data-widget_type=\"text-editor.default\">\n\t\t\t\t<div class=\"elementor-widget-container\">\n\t\t\t\t\t\t\t\t\t<p style=\"text-align: center;\">Entrenar la t\u00e9cnica de conducci\u00f3n con motos m\u00e1s peque\u00f1as es muy \u00fatil para poder encontrar el l\u00edmite con la moto sin correr muchos riesgos.<\/p><p style=\"text-align: center;\">Se utiliza para entrenar la agilidad, la posici\u00f3n de conducci\u00f3n, la simulaci\u00f3n de carreras y todo lo que rodea al mundo de la velocidad.<\/p>\t\t\t\t\t\t\t\t<\/div>\n\t\t\t\t<\/div>\n\t\t\t\t\t<\/div>\n\t\t<\/div>\n\t\t\t\t\t<\/div>\n\t\t<\/section>\n\t\t\t\t<section class=\"elementor-section elementor-top-section elementor-element elementor-element-bd45935 elementor-section-full_width elementor-section-stretched elementor-section-height-default elementor-section-height-default\" data-id=\"bd45935\" data-element_type=\"section\" data-e-type=\"section\" data-settings=\"{&quot;stretch_section&quot;:&quot;section-stretched&quot;,&quot;background_background&quot;:&quot;classic&quot;}\">\n\t\t\t\t\t\t<div class=\"elementor-container elementor-column-gap-default\">\n\t\t\t\t\t<div class=\"elementor-column elementor-col-33 elementor-top-column elementor-element elementor-element-2eee6c9\" data-id=\"2eee6c9\" data-element_type=\"column\" data-e-type=\"column\">\n\t\t\t<div class=\"elementor-widget-wrap elementor-element-populated\">\n\t\t\t\t\t\t<div class=\"elementor-element elementor-element-658f5e4 elementor-widget elementor-widget-heading\" data-id=\"658f5e4\" data-element_type=\"widget\" data-e-type=\"widget\" data-widget_type=\"heading.default\">\n\t\t\t\t<div class=\"elementor-widget-container\">\n\t\t\t\t\t<h2 class=\"elementor-heading-title elementor-size-default\">Ciclismo<\/h2>\t\t\t\t<\/div>\n\t\t\t\t<\/div>\n\t\t\t\t<div class=\"elementor-element elementor-element-a845db4 elementor-widget elementor-widget-text-editor\" data-id=\"a845db4\" data-element_type=\"widget\" data-e-type=\"widget\" data-widget_type=\"text-editor.default\">\n\t\t\t\t<div class=\"elementor-widget-container\">\n\t\t\t\t\t\t\t\t\t<p style=\"text-align: center;\">La resistencia aer\u00f3bica, el entrenamiento de la fuerza incluso en condiciones cr\u00edticas, la coordinaci\u00f3n, la reactividad y la disposici\u00f3n a leer el recorrido y la adaptaci\u00f3n instant\u00e1nea del cuerpo son algunos de los aspectos que hacen del ciclismo la herramienta de entrenamiento m\u00e1s popular entre los pilotos.<\/p>\t\t\t\t\t\t\t\t<\/div>\n\t\t\t\t<\/div>\n\t\t\t\t\t<\/div>\n\t\t<\/div>\n\t\t\t\t<div class=\"elementor-column elementor-col-66 elementor-top-column elementor-element elementor-element-6edccff\" data-id=\"6edccff\" data-element_type=\"column\" data-e-type=\"column\">\n\t\t\t<div class=\"elementor-widget-wrap elementor-element-populated\">\n\t\t\t\t\t\t<div class=\"elementor-element elementor-element-eb2bba4 elementor-widget elementor-widget-image\" data-id=\"eb2bba4\" data-element_type=\"widget\" data-e-type=\"widget\" data-widget_type=\"image.default\">\n\t\t\t\t<div class=\"elementor-widget-container\">\n\t\t\t\t\t\t\t\t\t\t\t\t\t\t\t<img decoding=\"async\" src=\"https:\/\/raroridingschool.com\/wp-content\/uploads\/2021\/11\/DC-202109146119-scaled.jpg\" title=\"\" alt=\"\" loading=\"lazy\" \/>\t\t\t\t\t\t\t\t\t\t\t\t\t\t\t<\/div>\n\t\t\t\t<\/div>\n\t\t\t\t\t<\/div>\n\t\t<\/div>\n\t\t\t\t\t<\/div>\n\t\t<\/section>\n\t\t\t\t<section class=\"elementor-section elementor-top-section elementor-element elementor-element-b3f3c53 elementor-section-full_width elementor-section-stretched elementor-section-height-default elementor-section-height-default\" data-id=\"b3f3c53\" data-element_type=\"section\" data-e-type=\"section\" data-settings=\"{&quot;stretch_section&quot;:&quot;section-stretched&quot;}\">\n\t\t\t\t\t\t<div class=\"elementor-container elementor-column-gap-default\">\n\t\t\t\t\t<div class=\"elementor-column elementor-col-66 elementor-top-column elementor-element elementor-element-35db15f\" data-id=\"35db15f\" data-element_type=\"column\" data-e-type=\"column\">\n\t\t\t<div class=\"elementor-widget-wrap elementor-element-populated\">\n\t\t\t\t\t\t<div class=\"elementor-element elementor-element-af82aef elementor-widget elementor-widget-image\" data-id=\"af82aef\" data-element_type=\"widget\" data-e-type=\"widget\" data-widget_type=\"image.default\">\n\t\t\t\t<div class=\"elementor-widget-container\">\n\t\t\t\t\t\t\t\t\t\t\t\t\t\t\t<img decoding=\"async\" src=\"https:\/\/raroridingschool.com\/wp-content\/uploads\/2021\/11\/FRMOTO-245880-scaled.jpg\" title=\"\" alt=\"\" loading=\"lazy\" \/>\t\t\t\t\t\t\t\t\t\t\t\t\t\t\t<\/div>\n\t\t\t\t<\/div>\n\t\t\t\t\t<\/div>\n\t\t<\/div>\n\t\t\t\t<div class=\"elementor-column elementor-col-33 elementor-top-column elementor-element elementor-element-1c51d93\" data-id=\"1c51d93\" data-element_type=\"column\" data-e-type=\"column\">\n\t\t\t<div class=\"elementor-widget-wrap elementor-element-populated\">\n\t\t\t\t\t\t<div class=\"elementor-element elementor-element-63208c9 elementor-widget elementor-widget-heading\" data-id=\"63208c9\" data-element_type=\"widget\" data-e-type=\"widget\" data-widget_type=\"heading.default\">\n\t\t\t\t<div class=\"elementor-widget-container\">\n\t\t\t\t\t<h2 class=\"elementor-heading-title elementor-size-default\">Trekking<\/h2>\t\t\t\t<\/div>\n\t\t\t\t<\/div>\n\t\t\t\t<div class=\"elementor-element elementor-element-b0a0659 elementor-widget elementor-widget-text-editor\" data-id=\"b0a0659\" data-element_type=\"widget\" data-e-type=\"widget\" data-widget_type=\"text-editor.default\">\n\t\t\t\t<div class=\"elementor-widget-container\">\n\t\t\t\t\t\t\t\t\t<p style=\"text-align: center;\">El senderismo es una actividad deportiva a medio camino entre la escalada y el excursionismo. Cuanto m\u00e1s alto se sube, m\u00e1s extenuante es el entrenamiento, y para esto \u00faltimo es muy \u00fatil f\u00edsicamente.<\/p>\t\t\t\t\t\t\t\t<\/div>\n\t\t\t\t<\/div>\n\t\t\t\t\t<\/div>\n\t\t<\/div>\n\t\t\t\t\t<\/div>\n\t\t<\/section>\n\t\t\t\t<section class=\"elementor-section elementor-top-section elementor-element elementor-element-592ba5b elementor-section-full_width elementor-section-stretched elementor-section-height-default elementor-section-height-default\" data-id=\"592ba5b\" data-element_type=\"section\" data-e-type=\"section\" data-settings=\"{&quot;stretch_section&quot;:&quot;section-stretched&quot;,&quot;background_background&quot;:&quot;classic&quot;}\">\n\t\t\t\t\t\t<div class=\"elementor-container elementor-column-gap-default\">\n\t\t\t\t\t<div class=\"elementor-column elementor-col-33 elementor-top-column elementor-element elementor-element-d9b1875\" data-id=\"d9b1875\" data-element_type=\"column\" data-e-type=\"column\">\n\t\t\t<div class=\"elementor-widget-wrap elementor-element-populated\">\n\t\t\t\t\t\t<div class=\"elementor-element elementor-element-0f5ab57 elementor-widget elementor-widget-heading\" data-id=\"0f5ab57\" data-element_type=\"widget\" data-e-type=\"widget\" data-widget_type=\"heading.default\">\n\t\t\t\t<div class=\"elementor-widget-container\">\n\t\t\t\t\t<h2 class=\"elementor-heading-title elementor-size-default\">Gimnasio<\/h2>\t\t\t\t<\/div>\n\t\t\t\t<\/div>\n\t\t\t\t<div class=\"elementor-element elementor-element-97e9a7b elementor-widget elementor-widget-text-editor\" data-id=\"97e9a7b\" data-element_type=\"widget\" data-e-type=\"widget\" data-widget_type=\"text-editor.default\">\n\t\t\t\t<div class=\"elementor-widget-container\">\n\t\t\t\t\t\t\t\t\t<p style=\"text-align: center;\">En los \u00faltimos tiempos, el entrenamiento funcional es cada vez m\u00e1s habitual entre los motoristas, con el objetivo de simular al m\u00e1ximo los movimientos sobre una moto. Tampoco hay que subestimar la reactividad y la elasticidad, ya que esta \u00faltima ayuda a minimizar las lesiones en caso de ca\u00edda.<\/p>\t\t\t\t\t\t\t\t<\/div>\n\t\t\t\t<\/div>\n\t\t\t\t\t<\/div>\n\t\t<\/div>\n\t\t\t\t<div class=\"elementor-column elementor-col-66 elementor-top-column elementor-element elementor-element-6a0ef1d\" data-id=\"6a0ef1d\" data-element_type=\"column\" data-e-type=\"column\">\n\t\t\t<div class=\"elementor-widget-wrap elementor-element-populated\">\n\t\t\t\t\t\t<div class=\"elementor-element elementor-element-3082f8d elementor-widget elementor-widget-image\" data-id=\"3082f8d\" data-element_type=\"widget\" data-e-type=\"widget\" data-widget_type=\"image.default\">\n\t\t\t\t<div class=\"elementor-widget-container\">\n\t\t\t\t\t\t\t\t\t\t\t\t\t\t\t<img decoding=\"async\" width=\"950\" height=\"713\" src=\"https:\/\/raroridingschool.com\/wp-content\/uploads\/2021\/11\/pexels-geancarlo-peruzzolo-6796964-1024x768.jpg\" class=\"attachment-large size-large wp-image-274\" alt=\"\" srcset=\"https:\/\/raroridingschool.com\/wp-content\/uploads\/2021\/11\/pexels-geancarlo-peruzzolo-6796964-1024x768.jpg 1024w, https:\/\/raroridingschool.com\/wp-content\/uploads\/2021\/11\/pexels-geancarlo-peruzzolo-6796964-300x225.jpg 300w, https:\/\/raroridingschool.com\/wp-content\/uploads\/2021\/11\/pexels-geancarlo-peruzzolo-6796964-768x576.jpg 768w, https:\/\/raroridingschool.com\/wp-content\/uploads\/2021\/11\/pexels-geancarlo-peruzzolo-6796964-1536x1152.jpg 1536w, https:\/\/raroridingschool.com\/wp-content\/uploads\/2021\/11\/pexels-geancarlo-peruzzolo-6796964-2048x1536.jpg 2048w, https:\/\/raroridingschool.com\/wp-content\/uploads\/2021\/11\/pexels-geancarlo-peruzzolo-6796964-2000x1500.jpg 2000w\" sizes=\"100vw\" \/>\t\t\t\t\t\t\t\t\t\t\t\t\t\t\t<\/div>\n\t\t\t\t<\/div>\n\t\t\t\t\t<\/div>\n\t\t<\/div>\n\t\t\t\t\t<\/div>\n\t\t<\/section>\n\t\t\t\t<\/div>\n\t\t","protected":false},"excerpt":{"rendered":"<p>Nuestro M\u00e9todo RRS Hemos desarrollado un m\u00e9todo propio basado en tres pilares de entrenamiento: F\u00cdSICO, T\u00c9CNICO Y MENTAL. Nos centramos en sacar el m\u00e1ximo rendimiento y conseguir el mejor piloto que puedas ser. Es por eso que en nuestro punto de mira tenemos el perfil de un\u00a0piloto de \u00e9lite. Sabemos que cada piloto tiene su &hellip; <\/p>\n<p class=\"link-more\"><a href=\"https:\/\/raroridingschool.com\/?page_id=247\" class=\"more-link\">Leer m\u00e1s<span class=\"screen-reader-text\"> \u00abM\u00e9todo RARO Riding School\u00bb<\/span><\/a><\/p>\n","protected":false},"author":1,"featured_media":0,"parent":0,"menu_order":0,"comment_status":"closed","ping_status":"closed","template":"","meta":{"inspiro_hide_title":false,"footnotes":""},"class_list":["post-247","page","type-page","status-publish","hentry"],"aioseo_notices":[],"_links":{"self":[{"href":"https:\/\/raroridingschool.com\/index.php?rest_route=\/wp\/v2\/pages\/247","targetHints":{"allow":["GET"]}}],"collection":[{"href":"https:\/\/raroridingschool.com\/index.php?rest_route=\/wp\/v2\/pages"}],"about":[{"href":"https:\/\/raroridingschool.com\/index.php?rest_route=\/wp\/v2\/types\/page"}],"author":[{"embeddable":true,"href":"https:\/\/raroridingschool.com\/index.php?rest_route=\/wp\/v2\/users\/1"}],"replies":[{"embeddable":true,"href":"https:\/\/raroridingschool.com\/index.php?rest_route=%2Fwp%2Fv2%2Fcomments&post=247"}],"version-history":[{"count":24,"href":"https:\/\/raroridingschool.com\/index.php?rest_route=\/wp\/v2\/pages\/247\/revisions"}],"predecessor-version":[{"id":3128,"href":"https:\/\/raroridingschool.com\/index.php?rest_route=\/wp\/v2\/pages\/247\/revisions\/3128"}],"wp:attachment":[{"href":"https:\/\/raroridingschool.com\/index.php?rest_route=%2Fwp%2Fv2%2Fmedia&parent=247"}],"curies":[{"name":"wp","href":"https:\/\/api.w.org\/{rel}","templated":true}]}}