{"id":2102,"date":"2022-10-18T20:55:14","date_gmt":"2022-10-18T20:55:14","guid":{"rendered":"https:\/\/raroridingschool.com\/?page_id=2102"},"modified":"2026-04-10T15:04:41","modified_gmt":"2026-04-10T15:04:41","slug":"stages-deportivos","status":"publish","type":"page","link":"https:\/\/raroridingschool.com\/?page_id=2102","title":{"rendered":"Coaching privado"},"content":{"rendered":"\t\t<div data-elementor-type=\"wp-page\" data-elementor-id=\"2102\" class=\"elementor elementor-2102\">\n\t\t\t\t\t\t<section class=\"elementor-section elementor-top-section elementor-element elementor-element-072b8d6 elementor-section-full_width elementor-section-stretched elementor-section-height-default elementor-section-height-default\" data-id=\"072b8d6\" data-element_type=\"section\" data-e-type=\"section\" data-settings=\"{&quot;stretch_section&quot;:&quot;section-stretched&quot;,&quot;background_background&quot;:&quot;classic&quot;}\">\n\t\t\t\t\t\t<div class=\"elementor-container elementor-column-gap-wide\">\n\t\t\t\t\t<div class=\"elementor-column elementor-col-33 elementor-top-column elementor-element elementor-element-01765c0\" data-id=\"01765c0\" data-element_type=\"column\" data-e-type=\"column\">\n\t\t\t<div class=\"elementor-widget-wrap elementor-element-populated\">\n\t\t\t\t\t\t<div class=\"elementor-element elementor-element-465ac5b elementor-widget elementor-widget-image\" data-id=\"465ac5b\" data-element_type=\"widget\" data-e-type=\"widget\" data-widget_type=\"image.default\">\n\t\t\t\t<div class=\"elementor-widget-container\">\n\t\t\t\t\t\t\t\t\t\t\t\t\t\t\t<img fetchpriority=\"high\" decoding=\"async\" width=\"950\" height=\"634\" src=\"https:\/\/raroridingschool.com\/wp-content\/uploads\/2025\/11\/RRS_ServiciosCoaching2025-1024x683.jpg\" class=\"attachment-large size-large wp-image-3103\" alt=\"\" srcset=\"https:\/\/raroridingschool.com\/wp-content\/uploads\/2025\/11\/RRS_ServiciosCoaching2025-1024x683.jpg 1024w, https:\/\/raroridingschool.com\/wp-content\/uploads\/2025\/11\/RRS_ServiciosCoaching2025-300x200.jpg 300w, https:\/\/raroridingschool.com\/wp-content\/uploads\/2025\/11\/RRS_ServiciosCoaching2025-2000x1333.jpg 2000w, https:\/\/raroridingschool.com\/wp-content\/uploads\/2025\/11\/RRS_ServiciosCoaching2025-1536x1024.jpg 1536w, https:\/\/raroridingschool.com\/wp-content\/uploads\/2025\/11\/RRS_ServiciosCoaching2025-2048x1365.jpg 2048w\" sizes=\"100vw\" \/>\t\t\t\t\t\t\t\t\t\t\t\t\t\t\t<\/div>\n\t\t\t\t<\/div>\n\t\t\t\t\t<\/div>\n\t\t<\/div>\n\t\t\t\t<div class=\"elementor-column elementor-col-66 elementor-top-column elementor-element elementor-element-4867622\" data-id=\"4867622\" data-element_type=\"column\" data-e-type=\"column\">\n\t\t\t<div class=\"elementor-widget-wrap elementor-element-populated\">\n\t\t\t\t\t\t<div class=\"elementor-element elementor-element-2ffa6b1 elementor-widget elementor-widget-text-editor\" data-id=\"2ffa6b1\" data-element_type=\"widget\" data-e-type=\"widget\" data-widget_type=\"text-editor.default\">\n\t\t\t\t<div class=\"elementor-widget-container\">\n\t\t\t\t\t\t\t\t\t<p>Nuestro coaching privado es completamente personalizado, adaptado a tus necesidades, objetivos y estilo de conducci\u00f3n. Ya sea que quieras mejorar tu t\u00e9cnica, aumentar tu confianza, o simplemente disfrutar m\u00e1s de tu moto, trabajaremos contigo de forma individual para que avances con seguridad y eficacia.<\/p>\n<p><strong>\u00bfQu\u00e9 incluye el coaching privado?<\/strong><\/p>\n<p class=\"docx_prrafodelista docx-num-1-0\">\u00a0 \u00a0\u2714 Sesi\u00f3n 100% personalizada con un instructor certificado<\/p>\n<p class=\"docx_prrafodelista docx-num-1-0\">\u00a0 \u00a0\u2714 An\u00e1lisis de tu nivel y objetivos de conducci\u00f3n<\/p>\n<p class=\"docx_prrafodelista docx-num-1-0\">\u00a0 \u00a0\u2714 Ejercicios pr\u00e1cticos adaptados a tu moto y tu ritmo<\/p>\n<p class=\"docx_prrafodelista docx-num-1-0\">\u00a0 \u00a0\u2714 Correcciones en tiempo real y seguimiento constante<\/p>\n<p class=\"docx_prrafodelista docx-num-1-0\">\u00a0 \u00a0\u2714 Consejos t\u00e9cnicos y de seguridad aplicados a la realidad de tu d\u00eda a d\u00eda<\/p>\n<p>Tanto si est\u00e1s empezando como si llevas a\u00f1os montando, siempre hay margen de mejora. Con nuestro enfoque cercano y profesional, te ayudamos a disfrutar m\u00e1s de tu moto, con m\u00e1s t\u00e9cnica, m\u00e1s control y m\u00e1s confianza.<\/p>\t\t\t\t\t\t\t\t<\/div>\n\t\t\t\t<\/div>\n\t\t\t\t\t<\/div>\n\t\t<\/div>\n\t\t\t\t\t<\/div>\n\t\t<\/section>\n\t\t\t\t<section class=\"elementor-section elementor-top-section elementor-element elementor-element-a949ca0 elementor-section-boxed elementor-section-height-default elementor-section-height-default\" data-id=\"a949ca0\" data-element_type=\"section\" data-e-type=\"section\">\n\t\t\t\t\t\t<div class=\"elementor-container elementor-column-gap-default\">\n\t\t\t\t\t<div class=\"elementor-column elementor-col-100 elementor-top-column elementor-element elementor-element-07beae6\" data-id=\"07beae6\" data-element_type=\"column\" data-e-type=\"column\">\n\t\t\t<div class=\"elementor-widget-wrap elementor-element-populated\">\n\t\t\t\t\t\t<div class=\"elementor-element elementor-element-098703d elementor-widget elementor-widget-wpzoom-elementor-addons-pricing-table\" data-id=\"098703d\" data-element_type=\"widget\" data-e-type=\"widget\" data-widget_type=\"wpzoom-elementor-addons-pricing-table.default\">\n\t\t\t\t<div class=\"elementor-widget-container\">\n\t\t\t\t\t\n\t\t\n\t\t<div class=\"wpz-pricing-table-header\">\n\t\t\t\t\t\t\t<h2 class=\"wpz-pricing-table-title\">\u00bfNecesitas m\u00e1s informaci\u00f3n?<\/h2>\n\t\t\t\t\t<\/div>\n\t\t<div class=\"wpz-pricing-table-price\">\n\t\t\t<div class=\"wpz-pricing-table-price-tag\"><span class=\"wpz-pricing-table-currency\"><\/span><span class=\"wpz-pricing-table-price-text\"><\/span><\/div>\n\t\t\t\t\t\t\t\t<\/div>\n\n\t\t<div class=\"wpz-pricing-table-body\">\n\t\t\t\n\t\t\t\t\t\t\t<ul class=\"wpz-pricing-table-features-list\">\n\t\t\t\t\t\t\t\t\t\t\t<li class=\"elementor-repeater-item-a01bd87\">\n\t\t\t\t\t\t\t\t\t\t\t\t\t\t<div class=\"wpz-pricing-table-feature-text\"><\/div>\n\t\t\t\t\t\t<\/li>\n\t\t\t\t\t\t\t\t\t<\/ul>\n\t\t\t\t\t<\/div>\n\n\t\t\t\t\t<a class=\"wpz-pricing-table-btn\" href=\"https:\/\/wa.me\/655699107?text=Hola!%20Querr\u00eda%20informaci\u00f3n%20del%20servicio%20Coaching%20Privado\">escr\u00edbenos<\/a>\n\t\t\n\t\t\t\t\t\t<\/div>\n\t\t\t\t<\/div>\n\t\t\t\t\t<\/div>\n\t\t<\/div>\n\t\t\t\t\t<\/div>\n\t\t<\/section>\n\t\t\t\t<\/div>\n\t\t","protected":false},"excerpt":{"rendered":"<p>Nuestro coaching privado es completamente personalizado, adaptado a tus necesidades, objetivos y estilo de conducci\u00f3n. Ya sea que quieras mejorar tu t\u00e9cnica, aumentar tu confianza, o simplemente disfrutar m\u00e1s de tu moto, trabajaremos contigo de forma individual para que avances con seguridad y eficacia. \u00bfQu\u00e9 incluye el coaching privado? \u00a0 \u00a0\u2714 Sesi\u00f3n 100% personalizada con &hellip; <\/p>\n<p class=\"link-more\"><a href=\"https:\/\/raroridingschool.com\/?page_id=2102\" class=\"more-link\">Leer m\u00e1s<span class=\"screen-reader-text\"> \u00abCoaching privado\u00bb<\/span><\/a><\/p>\n","protected":false},"author":1,"featured_media":0,"parent":0,"menu_order":0,"comment_status":"closed","ping_status":"closed","template":"","meta":{"inspiro_hide_title":false,"footnotes":""},"class_list":["post-2102","page","type-page","status-publish","hentry"],"aioseo_notices":[],"_links":{"self":[{"href":"https:\/\/raroridingschool.com\/index.php?rest_route=\/wp\/v2\/pages\/2102","targetHints":{"allow":["GET"]}}],"collection":[{"href":"https:\/\/raroridingschool.com\/index.php?rest_route=\/wp\/v2\/pages"}],"about":[{"href":"https:\/\/raroridingschool.com\/index.php?rest_route=\/wp\/v2\/types\/page"}],"author":[{"embeddable":true,"href":"https:\/\/raroridingschool.com\/index.php?rest_route=\/wp\/v2\/users\/1"}],"replies":[{"embeddable":true,"href":"https:\/\/raroridingschool.com\/index.php?rest_route=%2Fwp%2Fv2%2Fcomments&post=2102"}],"version-history":[{"count":40,"href":"https:\/\/raroridingschool.com\/index.php?rest_route=\/wp\/v2\/pages\/2102\/revisions"}],"predecessor-version":[{"id":3408,"href":"https:\/\/raroridingschool.com\/index.php?rest_route=\/wp\/v2\/pages\/2102\/revisions\/3408"}],"wp:attachment":[{"href":"https:\/\/raroridingschool.com\/index.php?rest_route=%2Fwp%2Fv2%2Fmedia&parent=2102"}],"curies":[{"name":"wp","href":"https:\/\/api.w.org\/{rel}","templated":true}]}}