{"id":2017,"date":"2022-10-12T20:39:58","date_gmt":"2022-10-12T20:39:58","guid":{"rendered":"https:\/\/raroridingschool.com\/?page_id=2017"},"modified":"2026-04-10T15:05:07","modified_gmt":"2026-04-10T15:05:07","slug":"cursos-de-conduccion","status":"publish","type":"page","link":"https:\/\/raroridingschool.com\/?page_id=2017","title":{"rendered":"Cursos de conducci\u00f3n"},"content":{"rendered":"\t\t<div data-elementor-type=\"wp-page\" data-elementor-id=\"2017\" class=\"elementor elementor-2017\">\n\t\t\t\t\t\t<section class=\"elementor-section elementor-top-section elementor-element elementor-element-6384833 elementor-section-full_width elementor-section-stretched elementor-section-height-default elementor-section-height-default\" data-id=\"6384833\" data-element_type=\"section\" data-e-type=\"section\" data-settings=\"{&quot;stretch_section&quot;:&quot;section-stretched&quot;,&quot;background_background&quot;:&quot;classic&quot;}\">\n\t\t\t\t\t\t<div class=\"elementor-container elementor-column-gap-wide\">\n\t\t\t\t\t<div class=\"elementor-column elementor-col-33 elementor-top-column elementor-element elementor-element-b8e0299\" data-id=\"b8e0299\" data-element_type=\"column\" data-e-type=\"column\">\n\t\t\t<div class=\"elementor-widget-wrap elementor-element-populated\">\n\t\t\t\t\t\t<div class=\"elementor-element elementor-element-0161b89 elementor-widget elementor-widget-image\" data-id=\"0161b89\" data-element_type=\"widget\" data-e-type=\"widget\" data-widget_type=\"image.default\">\n\t\t\t\t<div class=\"elementor-widget-container\">\n\t\t\t\t\t\t\t\t\t\t\t\t\t\t\t<img fetchpriority=\"high\" decoding=\"async\" width=\"950\" height=\"634\" src=\"https:\/\/raroridingschool.com\/wp-content\/uploads\/2022\/02\/Servicios-Cursos-1024x683.jpg\" class=\"attachment-large size-large wp-image-388\" alt=\"\" srcset=\"https:\/\/raroridingschool.com\/wp-content\/uploads\/2022\/02\/Servicios-Cursos-1024x683.jpg 1024w, https:\/\/raroridingschool.com\/wp-content\/uploads\/2022\/02\/Servicios-Cursos-300x200.jpg 300w, https:\/\/raroridingschool.com\/wp-content\/uploads\/2022\/02\/Servicios-Cursos-768x512.jpg 768w, https:\/\/raroridingschool.com\/wp-content\/uploads\/2022\/02\/Servicios-Cursos-1536x1024.jpg 1536w, https:\/\/raroridingschool.com\/wp-content\/uploads\/2022\/02\/Servicios-Cursos-2048x1365.jpg 2048w, https:\/\/raroridingschool.com\/wp-content\/uploads\/2022\/02\/Servicios-Cursos-2000x1333.jpg 2000w\" sizes=\"100vw\" \/>\t\t\t\t\t\t\t\t\t\t\t\t\t\t\t<\/div>\n\t\t\t\t<\/div>\n\t\t\t\t\t<\/div>\n\t\t<\/div>\n\t\t\t\t<div class=\"elementor-column elementor-col-66 elementor-top-column elementor-element elementor-element-68602cd\" data-id=\"68602cd\" data-element_type=\"column\" data-e-type=\"column\">\n\t\t\t<div class=\"elementor-widget-wrap elementor-element-populated\">\n\t\t\t\t\t\t<div class=\"elementor-element elementor-element-c3e61f8 elementor-widget elementor-widget-text-editor\" data-id=\"c3e61f8\" data-element_type=\"widget\" data-e-type=\"widget\" data-widget_type=\"text-editor.default\">\n\t\t\t\t<div class=\"elementor-widget-container\">\n\t\t\t\t\t\t\t\t\t<div style=\"text-align: center;\"><b>\u00a1MEJORA TU CONDUCCI\u00d3N EN MOTO!<\/b><\/div>\n<p><br \/>Si buscas conducir tu moto, con mayor confianza, seguridad y rapidez&#8230; \u00a1Este es tu curso! <br \/><br \/>La actividad de los cursos se realizan los s\u00e1bados de 10h a 14h, en el circuito d&#8217;Osona. Durante la temporada iremos informando de la ampliaci\u00f3n de d\u00edas y horarios. <br \/><br \/><strong>Detalle de la actividad<\/strong><br \/>&#8211; 4h de Curso<br \/>&#8211; Grupo de Monitores<br \/>&#8211; Briefing y explicaci\u00f3n t\u00e9cnica<br \/>&#8211; Evaluaci\u00f3n inicial de nivel<br \/>&#8211; Ejercicios t\u00e9cnicos en pista<br \/>&#8211; Correcciones personalizadas durante la sesi\u00f3n<\/p>\t\t\t\t\t\t\t\t<\/div>\n\t\t\t\t<\/div>\n\t\t\t\t\t<\/div>\n\t\t<\/div>\n\t\t\t\t\t<\/div>\n\t\t<\/section>\n\t\t\t\t<section class=\"elementor-section elementor-top-section elementor-element elementor-element-30d9a79 elementor-section-boxed elementor-section-height-default elementor-section-height-default\" data-id=\"30d9a79\" data-element_type=\"section\" data-e-type=\"section\">\n\t\t\t\t\t\t<div class=\"elementor-container elementor-column-gap-default\">\n\t\t\t\t\t<div class=\"elementor-column elementor-col-100 elementor-top-column elementor-element elementor-element-fba15d7\" data-id=\"fba15d7\" data-element_type=\"column\" data-e-type=\"column\">\n\t\t\t<div class=\"elementor-widget-wrap elementor-element-populated\">\n\t\t\t\t\t\t<div class=\"elementor-element elementor-element-f9cf407 elementor-widget elementor-widget-heading\" data-id=\"f9cf407\" data-element_type=\"widget\" data-e-type=\"widget\" data-widget_type=\"heading.default\">\n\t\t\t\t<div class=\"elementor-widget-container\">\n\t\t\t\t\t<h2 class=\"elementor-heading-title elementor-size-default\">OPCIONES Y TARIFAS<\/h2>\t\t\t\t<\/div>\n\t\t\t\t<\/div>\n\t\t\t\t\t<\/div>\n\t\t<\/div>\n\t\t\t\t\t<\/div>\n\t\t<\/section>\n\t\t\t\t<section class=\"elementor-section elementor-top-section elementor-element elementor-element-8e08537 elementor-section-full_width elementor-section-stretched elementor-section-height-default elementor-section-height-default\" data-id=\"8e08537\" data-element_type=\"section\" data-e-type=\"section\" data-settings=\"{&quot;stretch_section&quot;:&quot;section-stretched&quot;}\">\n\t\t\t\t\t\t<div class=\"elementor-container elementor-column-gap-wide\">\n\t\t\t\t\t<div class=\"elementor-column elementor-col-50 elementor-top-column elementor-element elementor-element-0485bf3\" data-id=\"0485bf3\" data-element_type=\"column\" data-e-type=\"column\">\n\t\t\t<div class=\"elementor-widget-wrap elementor-element-populated\">\n\t\t\t\t\t\t<div class=\"elementor-element elementor-element-c24db43 elementor-widget elementor-widget-wpzoom-elementor-addons-pricing-table\" data-id=\"c24db43\" data-element_type=\"widget\" data-e-type=\"widget\" data-widget_type=\"wpzoom-elementor-addons-pricing-table.default\">\n\t\t\t\t<div class=\"elementor-widget-container\">\n\t\t\t\t\t\n\t\t\n\t\t<div class=\"wpz-pricing-table-header\">\n\t\t\t\t\t\t\t<h2 class=\"wpz-pricing-table-title\">Ticket 1 Curso<\/h2>\n\t\t\t\t\t<\/div>\n\t\t<div class=\"wpz-pricing-table-price\">\n\t\t\t<div class=\"wpz-pricing-table-price-tag\"><span class=\"wpz-pricing-table-currency\">&#128;<\/span><span class=\"wpz-pricing-table-price-text\">220<\/span><\/div>\n\t\t\t\t\t\t\t<div class=\"wpz-pricing-table-period\">\/curso<\/div>\n\t\t\t\t\t\t\t\t<\/div>\n\n\t\t<div class=\"wpz-pricing-table-body\">\n\t\t\t\t\t\t\t<h3 class=\"wpz-pricing-table-features-title\">Detalles<\/h3>\n\t\t\t\n\t\t\t\t\t\t\t<ul class=\"wpz-pricing-table-features-list\">\n\t\t\t\t\t\t\t\t\t\t\t<li class=\"elementor-repeater-item-93c16c3\">\n\t\t\t\t\t\t\t<i class=\"fas fa-check\"><\/i>\t\t\t\t\t\t\t<div class=\"wpz-pricing-table-feature-text\">Acceso a pista<\/div>\n\t\t\t\t\t\t<\/li>\n\t\t\t\t\t\t\t\t\t\t\t<li class=\"elementor-repeater-item-731c1d0\">\n\t\t\t\t\t\t\t<i class=\"fas fa-check\"><\/i>\t\t\t\t\t\t\t<div class=\"wpz-pricing-table-feature-text\">Monitor particular<\/div>\n\t\t\t\t\t\t<\/li>\n\t\t\t\t\t\t\t\t\t\t\t<li class=\"elementor-repeater-item-fbaf6f5\">\n\t\t\t\t\t\t\t<i class=\"fas fa-plus\"><\/i>\t\t\t\t\t\t\t<div class=\"wpz-pricing-table-feature-text\">Opci\u00f3n de alquiler Pitbike: 90\u20ac*<\/div>\n\t\t\t\t\t\t<\/li>\n\t\t\t\t\t\t\t\t\t\t\t<li class=\"elementor-repeater-item-0caf701\">\n\t\t\t\t\t\t\t<i class=\"fas fa-plus\"><\/i>\t\t\t\t\t\t\t<div class=\"wpz-pricing-table-feature-text\">Opci\u00f3n de alquiler equipaci\u00f3n: 30\u20ac<\/div>\n\t\t\t\t\t\t<\/li>\n\t\t\t\t\t\t\t\t\t\t\t<li class=\"elementor-repeater-item-a01bd87\">\n\t\t\t\t\t\t\t<i class=\"fas fa-plus\"><\/i>\t\t\t\t\t\t\t<div class=\"wpz-pricing-table-feature-text\">Opci\u00f3n contrataci\u00f3n seguro: 25\u20ac<\/div>\n\t\t\t\t\t\t<\/li>\n\t\t\t\t\t\t\t\t\t<\/ul>\n\t\t\t\t\t<\/div>\n\n\t\t\t\t\t<a class=\"wpz-pricing-table-btn\" href=\"https:\/\/wa.me\/655699107?text=Hola!%20Querr\u00eda%20informaci\u00f3n%20del%20Ticket%201%20Curso%20de%20los%20Cursos%20de%20Conducci\u00f3n\">Solict\u00edtalo<\/a>\n\t\t\n\t\t\t\t\t\t<\/div>\n\t\t\t\t<\/div>\n\t\t\t\t\t<\/div>\n\t\t<\/div>\n\t\t\t\t<div class=\"elementor-column elementor-col-50 elementor-top-column elementor-element elementor-element-11dd245\" data-id=\"11dd245\" data-element_type=\"column\" data-e-type=\"column\">\n\t\t\t<div class=\"elementor-widget-wrap elementor-element-populated\">\n\t\t\t\t\t\t<div class=\"elementor-element elementor-element-70e333d elementor-widget elementor-widget-wpzoom-elementor-addons-pricing-table\" data-id=\"70e333d\" data-element_type=\"widget\" data-e-type=\"widget\" data-widget_type=\"wpzoom-elementor-addons-pricing-table.default\">\n\t\t\t\t<div class=\"elementor-widget-container\">\n\t\t\t\t\t\n\t\t\n\t\t<div class=\"wpz-pricing-table-header\">\n\t\t\t\t\t\t\t<h2 class=\"wpz-pricing-table-title\">Pack AMIGOS<\/h2>\n\t\t\t\t\t<\/div>\n\t\t<div class=\"wpz-pricing-table-price\">\n\t\t\t<div class=\"wpz-pricing-table-price-tag\"><span class=\"wpz-pricing-table-currency\">&#128;<\/span><span class=\"wpz-pricing-table-price-text\">200<\/span><\/div>\n\t\t\t\t\t\t\t<div class=\"wpz-pricing-table-period\">\/curso y persona<\/div>\n\t\t\t\t\t\t\t\t<\/div>\n\n\t\t<div class=\"wpz-pricing-table-body\">\n\t\t\t\t\t\t\t<h3 class=\"wpz-pricing-table-features-title\">Detalles<\/h3>\n\t\t\t\n\t\t\t\t\t\t\t<ul class=\"wpz-pricing-table-features-list\">\n\t\t\t\t\t\t\t\t\t\t\t<li class=\"elementor-repeater-item-fbaf6f5\">\n\t\t\t\t\t\t\t<i class=\"fas fa-info\"><\/i>\t\t\t\t\t\t\t<div class=\"wpz-pricing-table-feature-text\">Incluye lo mismo que Ticket 1 curso<\/div>\n\t\t\t\t\t\t<\/li>\n\t\t\t\t\t\t\t\t\t\t\t<li class=\"elementor-repeater-item-93c16c3\">\n\t\t\t\t\t\t\t<i class=\"fas fa-info\"><\/i>\t\t\t\t\t\t\t<div class=\"wpz-pricing-table-feature-text\">S\u00f3lo disponible para grupos de 3 o m\u00e1s personas<\/div>\n\t\t\t\t\t\t<\/li>\n\t\t\t\t\t\t\t\t\t\t\t<li class=\"elementor-repeater-item-731c1d0\">\n\t\t\t\t\t\t\t<i class=\"fas fa-plus\"><\/i>\t\t\t\t\t\t\t<div class=\"wpz-pricing-table-feature-text\">Opci\u00f3n de alquiler Pitbike: 90\u20ac*\u200b<\/div>\n\t\t\t\t\t\t<\/li>\n\t\t\t\t\t\t\t\t\t\t\t<li class=\"elementor-repeater-item-43ea350\">\n\t\t\t\t\t\t\t<i class=\"fas fa-plus\"><\/i>\t\t\t\t\t\t\t<div class=\"wpz-pricing-table-feature-text\">Opci\u00f3n de alquiler equipaci\u00f3n: 30\u20ac<\/div>\n\t\t\t\t\t\t<\/li>\n\t\t\t\t\t\t\t\t\t\t\t<li class=\"elementor-repeater-item-e300bf6\">\n\t\t\t\t\t\t\t<i class=\"fas fa-plus\"><\/i>\t\t\t\t\t\t\t<div class=\"wpz-pricing-table-feature-text\">Opci\u00f3n contrataci\u00f3n seguro: 25\u20ac\u200b<\/div>\n\t\t\t\t\t\t<\/li>\n\t\t\t\t\t\t\t\t\t<\/ul>\n\t\t\t\t\t<\/div>\n\n\t\t\t\t\t<a class=\"wpz-pricing-table-btn\" href=\"https:\/\/wa.me\/655699107?text=Hola!%20Querr\u00eda%20informaci\u00f3n%20del%20Pack%20Amigos%20de%20los%20Cursos%20de%20Conducci\u00f3n\">Solic\u00edtalo<\/a>\n\t\t\n\t\t\t\t\t\t<\/div>\n\t\t\t\t<\/div>\n\t\t\t\t\t<\/div>\n\t\t<\/div>\n\t\t\t\t\t<\/div>\n\t\t<\/section>\n\t\t\t\t<section class=\"elementor-section elementor-top-section elementor-element elementor-element-e696f69 elementor-section-boxed elementor-section-height-default elementor-section-height-default\" data-id=\"e696f69\" data-element_type=\"section\" data-e-type=\"section\">\n\t\t\t\t\t\t<div class=\"elementor-container elementor-column-gap-default\">\n\t\t\t\t\t<div class=\"elementor-column elementor-col-100 elementor-top-column elementor-element elementor-element-57e1df8\" data-id=\"57e1df8\" data-element_type=\"column\" data-e-type=\"column\">\n\t\t\t<div class=\"elementor-widget-wrap elementor-element-populated\">\n\t\t\t\t\t\t<div class=\"elementor-element elementor-element-8ef119e elementor-widget elementor-widget-text-editor\" data-id=\"8ef119e\" data-element_type=\"widget\" data-e-type=\"widget\" data-widget_type=\"text-editor.default\">\n\t\t\t\t<div class=\"elementor-widget-container\">\n\t\t\t\t\t\t\t\t\t<p>*\u00a0<span style=\"color: var( --e-global-color-text ); font-family: var( --e-global-typography-text-font-family ), Sans-serif;\">El alquiler de las motos incluye: Moto, gasolina, mantenimiento, asistencia mec\u00e1nica (mano de obra), en caso de ca\u00edda y de rotura de alguna pieza no incluye el coste de la misma.<\/span><\/p><p><span style=\"color: var( --e-global-color-text ); font-family: var( --e-global-typography-text-font-family ), Sans-serif;\">** El precio indicado es por d\u00eda.<\/span><\/p>\t\t\t\t\t\t\t\t<\/div>\n\t\t\t\t<\/div>\n\t\t\t\t\t<\/div>\n\t\t<\/div>\n\t\t\t\t\t<\/div>\n\t\t<\/section>\n\t\t\t\t<\/div>\n\t\t","protected":false},"excerpt":{"rendered":"<p>\u00a1MEJORA TU CONDUCCI\u00d3N EN MOTO! Si buscas conducir tu moto, con mayor confianza, seguridad y rapidez&#8230; \u00a1Este es tu curso! La actividad de los cursos se realizan los s\u00e1bados de 10h a 14h, en el circuito d&#8217;Osona. Durante la temporada iremos informando de la ampliaci\u00f3n de d\u00edas y horarios. Detalle de la actividad&#8211; 4h de &hellip; <\/p>\n<p class=\"link-more\"><a href=\"https:\/\/raroridingschool.com\/?page_id=2017\" class=\"more-link\">Leer m\u00e1s<span class=\"screen-reader-text\"> \u00abCursos de conducci\u00f3n\u00bb<\/span><\/a><\/p>\n","protected":false},"author":1,"featured_media":0,"parent":0,"menu_order":0,"comment_status":"closed","ping_status":"closed","template":"","meta":{"inspiro_hide_title":false,"footnotes":""},"class_list":["post-2017","page","type-page","status-publish","hentry"],"aioseo_notices":[],"_links":{"self":[{"href":"https:\/\/raroridingschool.com\/index.php?rest_route=\/wp\/v2\/pages\/2017","targetHints":{"allow":["GET"]}}],"collection":[{"href":"https:\/\/raroridingschool.com\/index.php?rest_route=\/wp\/v2\/pages"}],"about":[{"href":"https:\/\/raroridingschool.com\/index.php?rest_route=\/wp\/v2\/types\/page"}],"author":[{"embeddable":true,"href":"https:\/\/raroridingschool.com\/index.php?rest_route=\/wp\/v2\/users\/1"}],"replies":[{"embeddable":true,"href":"https:\/\/raroridingschool.com\/index.php?rest_route=%2Fwp%2Fv2%2Fcomments&post=2017"}],"version-history":[{"count":37,"href":"https:\/\/raroridingschool.com\/index.php?rest_route=\/wp\/v2\/pages\/2017\/revisions"}],"predecessor-version":[{"id":3411,"href":"https:\/\/raroridingschool.com\/index.php?rest_route=\/wp\/v2\/pages\/2017\/revisions\/3411"}],"wp:attachment":[{"href":"https:\/\/raroridingschool.com\/index.php?rest_route=%2Fwp%2Fv2%2Fmedia&parent=2017"}],"curies":[{"name":"wp","href":"https:\/\/api.w.org\/{rel}","templated":true}]}}