{"id":185,"date":"2021-11-28T12:24:13","date_gmt":"2021-11-28T12:24:13","guid":{"rendered":"https:\/\/raroridingschool.com\/?page_id=185"},"modified":"2026-04-10T15:00:51","modified_gmt":"2026-04-10T15:00:51","slug":"servicios-raro-riding-school","status":"publish","type":"page","link":"https:\/\/raroridingschool.com\/?page_id=185","title":{"rendered":"Servicios RARO Riding School"},"content":{"rendered":"\t\t<div data-elementor-type=\"wp-page\" data-elementor-id=\"185\" class=\"elementor elementor-185\">\n\t\t\t\t\t\t<section class=\"elementor-section elementor-top-section elementor-element elementor-element-9673527 elementor-section-full_width elementor-section-stretched elementor-section-height-default elementor-section-height-default\" data-id=\"9673527\" data-element_type=\"section\" data-e-type=\"section\" data-settings=\"{&quot;stretch_section&quot;:&quot;section-stretched&quot;,&quot;background_background&quot;:&quot;classic&quot;}\">\n\t\t\t\t\t\t\t<div class=\"elementor-background-overlay\"><\/div>\n\t\t\t\t\t\t\t<div class=\"elementor-container elementor-column-gap-wide\">\n\t\t\t\t\t<div class=\"elementor-column elementor-col-50 elementor-top-column elementor-element elementor-element-359c452\" data-id=\"359c452\" data-element_type=\"column\" data-e-type=\"column\" data-settings=\"{&quot;background_background&quot;:&quot;classic&quot;}\">\n\t\t\t<div class=\"elementor-widget-wrap elementor-element-populated\">\n\t\t\t\t\t\t<div class=\"elementor-element elementor-element-a3783d9 elementor-position-top elementor-invisible elementor-widget elementor-widget-image-box\" data-id=\"a3783d9\" data-element_type=\"widget\" data-e-type=\"widget\" data-settings=\"{&quot;_animation&quot;:&quot;fadeIn&quot;,&quot;_animation_delay&quot;:400}\" data-widget_type=\"image-box.default\">\n\t\t\t\t<div class=\"elementor-widget-container\">\n\t\t\t\t\t<div class=\"elementor-image-box-wrapper\"><figure class=\"elementor-image-box-img\"><img fetchpriority=\"high\" decoding=\"async\" width=\"2300\" height=\"1533\" src=\"https:\/\/raroridingschool.com\/wp-content\/uploads\/2025\/11\/RRS_ServiciosEscuela2025.jpg\" class=\"attachment-full size-full wp-image-3102\" alt=\"\" srcset=\"https:\/\/raroridingschool.com\/wp-content\/uploads\/2025\/11\/RRS_ServiciosEscuela2025.jpg 2300w, https:\/\/raroridingschool.com\/wp-content\/uploads\/2025\/11\/RRS_ServiciosEscuela2025-300x200.jpg 300w, https:\/\/raroridingschool.com\/wp-content\/uploads\/2025\/11\/RRS_ServiciosEscuela2025-1024x683.jpg 1024w, https:\/\/raroridingschool.com\/wp-content\/uploads\/2025\/11\/RRS_ServiciosEscuela2025-2000x1333.jpg 2000w, https:\/\/raroridingschool.com\/wp-content\/uploads\/2025\/11\/RRS_ServiciosEscuela2025-1536x1024.jpg 1536w, https:\/\/raroridingschool.com\/wp-content\/uploads\/2025\/11\/RRS_ServiciosEscuela2025-2048x1365.jpg 2048w\" sizes=\"(max-width: 2300px) 100vw, 2300px\" \/><\/figure><div class=\"elementor-image-box-content\"><h3 class=\"elementor-image-box-title\">Escuela de pilotos<\/h3><p class=\"elementor-image-box-description\">La RARO School est\u00e1 dise\u00f1ada para que los pilotos logren alcanzar su m\u00e1ximo potencial en los entrenamientos, ofreciendo una formaci\u00f3n t\u00e9cnica con el fin de conseguir una conducci\u00f3n r\u00e1pida y segura. La actividad de la escuela se realiza semanalmente, con diferentes niveles y categor\u00edas.<\/p><\/div><\/div>\t\t\t\t<\/div>\n\t\t\t\t<\/div>\n\t\t\t\t<div class=\"elementor-element elementor-element-182583f elementor-align-center elementor-widget elementor-widget-button\" data-id=\"182583f\" data-element_type=\"widget\" data-e-type=\"widget\" data-widget_type=\"button.default\">\n\t\t\t\t<div class=\"elementor-widget-container\">\n\t\t\t\t\t\t\t\t\t<div class=\"elementor-button-wrapper\">\n\t\t\t\t\t<a class=\"elementor-button elementor-button-link elementor-size-md\" href=\"https:\/\/raroridingschool.com\/?page_id=1955\">\n\t\t\t\t\t\t<span class=\"elementor-button-content-wrapper\">\n\t\t\t\t\t\t\t\t\t<span class=\"elementor-button-text\">Ver m\u00e1s<\/span>\n\t\t\t\t\t<\/span>\n\t\t\t\t\t<\/a>\n\t\t\t\t<\/div>\n\t\t\t\t\t\t\t\t<\/div>\n\t\t\t\t<\/div>\n\t\t\t\t\t<\/div>\n\t\t<\/div>\n\t\t\t\t<div class=\"elementor-column elementor-col-50 elementor-top-column elementor-element elementor-element-c24c266\" data-id=\"c24c266\" data-element_type=\"column\" data-e-type=\"column\" data-settings=\"{&quot;background_background&quot;:&quot;classic&quot;}\">\n\t\t\t<div class=\"elementor-widget-wrap elementor-element-populated\">\n\t\t\t\t\t\t<div class=\"elementor-element elementor-element-ff9880a elementor-position-top elementor-invisible elementor-widget elementor-widget-image-box\" data-id=\"ff9880a\" data-element_type=\"widget\" data-e-type=\"widget\" data-settings=\"{&quot;_animation&quot;:&quot;fadeIn&quot;,&quot;_animation_delay&quot;:400}\" data-widget_type=\"image-box.default\">\n\t\t\t\t<div class=\"elementor-widget-container\">\n\t\t\t\t\t<div class=\"elementor-image-box-wrapper\"><figure class=\"elementor-image-box-img\"><img decoding=\"async\" width=\"2300\" height=\"1533\" src=\"https:\/\/raroridingschool.com\/wp-content\/uploads\/2025\/11\/RRS_ServiciosCoaching2025.jpg\" class=\"attachment-full size-full wp-image-3103\" alt=\"\" srcset=\"https:\/\/raroridingschool.com\/wp-content\/uploads\/2025\/11\/RRS_ServiciosCoaching2025.jpg 2300w, https:\/\/raroridingschool.com\/wp-content\/uploads\/2025\/11\/RRS_ServiciosCoaching2025-300x200.jpg 300w, https:\/\/raroridingschool.com\/wp-content\/uploads\/2025\/11\/RRS_ServiciosCoaching2025-1024x683.jpg 1024w, https:\/\/raroridingschool.com\/wp-content\/uploads\/2025\/11\/RRS_ServiciosCoaching2025-2000x1333.jpg 2000w, https:\/\/raroridingschool.com\/wp-content\/uploads\/2025\/11\/RRS_ServiciosCoaching2025-1536x1024.jpg 1536w, https:\/\/raroridingschool.com\/wp-content\/uploads\/2025\/11\/RRS_ServiciosCoaching2025-2048x1365.jpg 2048w\" sizes=\"(max-width: 2300px) 100vw, 2300px\" \/><\/figure><div class=\"elementor-image-box-content\"><h3 class=\"elementor-image-box-title\">Coaching Privado<\/h3><p class=\"elementor-image-box-description\">Entrenamiento personalizado en moto, dise\u00f1ado solo para ti.\nTe ofrecemos un servicio exclusivo para llevar tu conducci\u00f3n al siguiente nivel. Est\u00e1 dirigido a todos los niveles y con cualquier tipo de moto, ya sea deportiva, supermotard, o pitbike. T\u00fa pones la moto, nosotros ponemos la experiencia.<\/p><\/div><\/div>\t\t\t\t<\/div>\n\t\t\t\t<\/div>\n\t\t\t\t<div class=\"elementor-element elementor-element-07229b2 elementor-align-center elementor-widget elementor-widget-button\" data-id=\"07229b2\" data-element_type=\"widget\" data-e-type=\"widget\" data-widget_type=\"button.default\">\n\t\t\t\t<div class=\"elementor-widget-container\">\n\t\t\t\t\t\t\t\t\t<div class=\"elementor-button-wrapper\">\n\t\t\t\t\t<a class=\"elementor-button elementor-button-link elementor-size-md\" href=\"https:\/\/raroridingschool.com\/?page_id=2102\">\n\t\t\t\t\t\t<span class=\"elementor-button-content-wrapper\">\n\t\t\t\t\t\t\t\t\t<span class=\"elementor-button-text\">Ver m\u00e1s<\/span>\n\t\t\t\t\t<\/span>\n\t\t\t\t\t<\/a>\n\t\t\t\t<\/div>\n\t\t\t\t\t\t\t\t<\/div>\n\t\t\t\t<\/div>\n\t\t\t\t\t<\/div>\n\t\t<\/div>\n\t\t\t\t\t<\/div>\n\t\t<\/section>\n\t\t\t\t<section class=\"elementor-section elementor-top-section elementor-element elementor-element-e45623c elementor-section-full_width elementor-section-stretched elementor-section-height-default elementor-section-height-default\" data-id=\"e45623c\" data-element_type=\"section\" data-e-type=\"section\" data-settings=\"{&quot;stretch_section&quot;:&quot;section-stretched&quot;,&quot;background_background&quot;:&quot;classic&quot;}\">\n\t\t\t\t\t\t\t<div class=\"elementor-background-overlay\"><\/div>\n\t\t\t\t\t\t\t<div class=\"elementor-container elementor-column-gap-wide\">\n\t\t\t\t\t<div class=\"elementor-column elementor-col-50 elementor-top-column elementor-element elementor-element-7836b4c\" data-id=\"7836b4c\" data-element_type=\"column\" data-e-type=\"column\" data-settings=\"{&quot;background_background&quot;:&quot;classic&quot;}\">\n\t\t\t<div class=\"elementor-widget-wrap elementor-element-populated\">\n\t\t\t\t\t\t<div class=\"elementor-element elementor-element-6b90d8e elementor-position-top elementor-invisible elementor-widget elementor-widget-image-box\" data-id=\"6b90d8e\" data-element_type=\"widget\" data-e-type=\"widget\" data-settings=\"{&quot;_animation&quot;:&quot;fadeIn&quot;,&quot;_animation_delay&quot;:800}\" data-widget_type=\"image-box.default\">\n\t\t\t\t<div class=\"elementor-widget-container\">\n\t\t\t\t\t<div class=\"elementor-image-box-wrapper\"><figure class=\"elementor-image-box-img\"><img decoding=\"async\" width=\"2300\" height=\"1533\" src=\"https:\/\/raroridingschool.com\/wp-content\/uploads\/2022\/02\/Servicios-Cursos.jpg\" class=\"attachment-full size-full wp-image-388\" alt=\"\" srcset=\"https:\/\/raroridingschool.com\/wp-content\/uploads\/2022\/02\/Servicios-Cursos.jpg 2300w, https:\/\/raroridingschool.com\/wp-content\/uploads\/2022\/02\/Servicios-Cursos-300x200.jpg 300w, https:\/\/raroridingschool.com\/wp-content\/uploads\/2022\/02\/Servicios-Cursos-1024x683.jpg 1024w, https:\/\/raroridingschool.com\/wp-content\/uploads\/2022\/02\/Servicios-Cursos-768x512.jpg 768w, https:\/\/raroridingschool.com\/wp-content\/uploads\/2022\/02\/Servicios-Cursos-1536x1024.jpg 1536w, https:\/\/raroridingschool.com\/wp-content\/uploads\/2022\/02\/Servicios-Cursos-2048x1365.jpg 2048w, https:\/\/raroridingschool.com\/wp-content\/uploads\/2022\/02\/Servicios-Cursos-2000x1333.jpg 2000w\" sizes=\"(max-width: 2300px) 100vw, 2300px\" \/><\/figure><div class=\"elementor-image-box-content\"><h3 class=\"elementor-image-box-title\">Cursos de conducci\u00f3n<\/h3><p class=\"elementor-image-box-description\">No importa si eres un piloto profesional, amateur, conductor de calle o incluso si es la primera vez que te subes a una moto. Nuestros cursos son 100% personalizados y nos adaptamos a cada necesidad o particularidad.<\/p><\/div><\/div>\t\t\t\t<\/div>\n\t\t\t\t<\/div>\n\t\t\t\t<div class=\"elementor-element elementor-element-556dbd8 elementor-align-center elementor-widget elementor-widget-button\" data-id=\"556dbd8\" data-element_type=\"widget\" data-e-type=\"widget\" data-widget_type=\"button.default\">\n\t\t\t\t<div class=\"elementor-widget-container\">\n\t\t\t\t\t\t\t\t\t<div class=\"elementor-button-wrapper\">\n\t\t\t\t\t<a class=\"elementor-button elementor-button-link elementor-size-md\" href=\"https:\/\/raroridingschool.com\/?page_id=2017\">\n\t\t\t\t\t\t<span class=\"elementor-button-content-wrapper\">\n\t\t\t\t\t\t\t\t\t<span class=\"elementor-button-text\">Ver m\u00e1s<\/span>\n\t\t\t\t\t<\/span>\n\t\t\t\t\t<\/a>\n\t\t\t\t<\/div>\n\t\t\t\t\t\t\t\t<\/div>\n\t\t\t\t<\/div>\n\t\t\t\t\t<\/div>\n\t\t<\/div>\n\t\t\t\t<div class=\"elementor-column elementor-col-50 elementor-top-column elementor-element elementor-element-664481e\" data-id=\"664481e\" data-element_type=\"column\" data-e-type=\"column\" data-settings=\"{&quot;background_background&quot;:&quot;classic&quot;}\">\n\t\t\t<div class=\"elementor-widget-wrap elementor-element-populated\">\n\t\t\t\t\t\t<div class=\"elementor-element elementor-element-d6f609b elementor-position-top elementor-invisible elementor-widget elementor-widget-image-box\" data-id=\"d6f609b\" data-element_type=\"widget\" data-e-type=\"widget\" data-settings=\"{&quot;_animation&quot;:&quot;fadeIn&quot;,&quot;_animation_delay&quot;:800}\" data-widget_type=\"image-box.default\">\n\t\t\t\t<div class=\"elementor-widget-container\">\n\t\t\t\t\t<div class=\"elementor-image-box-wrapper\"><figure class=\"elementor-image-box-img\"><img loading=\"lazy\" decoding=\"async\" width=\"2300\" height=\"1533\" src=\"https:\/\/raroridingschool.com\/wp-content\/uploads\/2026\/04\/rrs_iniciomoto.jpg\" class=\"attachment-full size-full wp-image-3320\" alt=\"\" srcset=\"https:\/\/raroridingschool.com\/wp-content\/uploads\/2026\/04\/rrs_iniciomoto.jpg 2300w, https:\/\/raroridingschool.com\/wp-content\/uploads\/2026\/04\/rrs_iniciomoto-300x200.jpg 300w, https:\/\/raroridingschool.com\/wp-content\/uploads\/2026\/04\/rrs_iniciomoto-1024x683.jpg 1024w, https:\/\/raroridingschool.com\/wp-content\/uploads\/2026\/04\/rrs_iniciomoto-2000x1333.jpg 2000w, https:\/\/raroridingschool.com\/wp-content\/uploads\/2026\/04\/rrs_iniciomoto-1536x1024.jpg 1536w, https:\/\/raroridingschool.com\/wp-content\/uploads\/2026\/04\/rrs_iniciomoto-2048x1365.jpg 2048w\" sizes=\"(max-width: 2300px) 100vw, 2300px\" \/><\/figure><div class=\"elementor-image-box-content\"><h3 class=\"elementor-image-box-title\">Iniciaci\u00f3n moto<\/h3><p class=\"elementor-image-box-description\">Da tus primeros pasos en el mundo de la moto de forma segura y progresiva. Ideal para quienes empiezan desde cero y quieren aprender desde la base.<\/p><\/div><\/div>\t\t\t\t<\/div>\n\t\t\t\t<\/div>\n\t\t\t\t<div class=\"elementor-element elementor-element-5d8fe84 elementor-align-center elementor-widget elementor-widget-button\" data-id=\"5d8fe84\" data-element_type=\"widget\" data-e-type=\"widget\" data-widget_type=\"button.default\">\n\t\t\t\t<div class=\"elementor-widget-container\">\n\t\t\t\t\t\t\t\t\t<div class=\"elementor-button-wrapper\">\n\t\t\t\t\t<a class=\"elementor-button elementor-button-link elementor-size-md\" href=\"https:\/\/raroridingschool.com\/?page_id=3309\">\n\t\t\t\t\t\t<span class=\"elementor-button-content-wrapper\">\n\t\t\t\t\t\t\t\t\t<span class=\"elementor-button-text\">Ver m\u00e1s<\/span>\n\t\t\t\t\t<\/span>\n\t\t\t\t\t<\/a>\n\t\t\t\t<\/div>\n\t\t\t\t\t\t\t\t<\/div>\n\t\t\t\t<\/div>\n\t\t\t\t\t<\/div>\n\t\t<\/div>\n\t\t\t\t\t<\/div>\n\t\t<\/section>\n\t\t\t\t<section class=\"elementor-section elementor-top-section elementor-element elementor-element-04de706 elementor-section-boxed elementor-section-height-default elementor-section-height-default\" data-id=\"04de706\" data-element_type=\"section\" data-e-type=\"section\">\n\t\t\t\t\t\t<div class=\"elementor-container elementor-column-gap-default\">\n\t\t\t\t\t<div class=\"elementor-column elementor-col-100 elementor-top-column elementor-element elementor-element-80e7b8f\" data-id=\"80e7b8f\" data-element_type=\"column\" data-e-type=\"column\">\n\t\t\t<div class=\"elementor-widget-wrap elementor-element-populated\">\n\t\t\t\t\t\t<div class=\"elementor-element elementor-element-5b8653b elementor-widget elementor-widget-heading\" data-id=\"5b8653b\" data-element_type=\"widget\" data-e-type=\"widget\" data-widget_type=\"heading.default\">\n\t\t\t\t<div class=\"elementor-widget-container\">\n\t\t\t\t\t<h2 class=\"elementor-heading-title elementor-size-default\">Servicios a medida<\/h2>\t\t\t\t<\/div>\n\t\t\t\t<\/div>\n\t\t\t\t<div class=\"elementor-element elementor-element-bcea26c elementor-widget elementor-widget-text-editor\" data-id=\"bcea26c\" data-element_type=\"widget\" data-e-type=\"widget\" data-widget_type=\"text-editor.default\">\n\t\t\t\t<div class=\"elementor-widget-container\">\n\t\t\t\t\t\t\t\t\t<p>\u00bfNinguno de estos servicios acaban de encajar con tus necesidades? \u00a1No te preocupes! <a href=\"https:\/\/wa.me\/655699107?text=Hola!%20Querr\u00eda%20informaci\u00f3n%20acerca%20de%20Servicios%20a%20Medida\">Contacta con nosotros<\/a> y buscamos la manera de adaptar las necesidades y los servicios para cubrir tus expectativas.<\/p>\t\t\t\t\t\t\t\t<\/div>\n\t\t\t\t<\/div>\n\t\t\t\t\t<\/div>\n\t\t<\/div>\n\t\t\t\t\t<\/div>\n\t\t<\/section>\n\t\t\t\t<\/div>\n\t\t","protected":false},"excerpt":{"rendered":"<p>Escuela de pilotos La RARO School est\u00e1 dise\u00f1ada para que los pilotos logren alcanzar su m\u00e1ximo potencial en los entrenamientos, ofreciendo una formaci\u00f3n t\u00e9cnica con el fin de conseguir una conducci\u00f3n r\u00e1pida y segura. La actividad de la escuela se realiza semanalmente, con diferentes niveles y categor\u00edas. Ver m\u00e1s Coaching Privado Entrenamiento personalizado en moto, &hellip; <\/p>\n<p class=\"link-more\"><a href=\"https:\/\/raroridingschool.com\/?page_id=185\" class=\"more-link\">Leer m\u00e1s<span class=\"screen-reader-text\"> \u00abServicios RARO Riding School\u00bb<\/span><\/a><\/p>\n","protected":false},"author":1,"featured_media":0,"parent":0,"menu_order":0,"comment_status":"closed","ping_status":"closed","template":"","meta":{"inspiro_hide_title":false,"footnotes":""},"class_list":["post-185","page","type-page","status-publish","hentry"],"aioseo_notices":[],"_links":{"self":[{"href":"https:\/\/raroridingschool.com\/index.php?rest_route=\/wp\/v2\/pages\/185","targetHints":{"allow":["GET"]}}],"collection":[{"href":"https:\/\/raroridingschool.com\/index.php?rest_route=\/wp\/v2\/pages"}],"about":[{"href":"https:\/\/raroridingschool.com\/index.php?rest_route=\/wp\/v2\/types\/page"}],"author":[{"embeddable":true,"href":"https:\/\/raroridingschool.com\/index.php?rest_route=\/wp\/v2\/users\/1"}],"replies":[{"embeddable":true,"href":"https:\/\/raroridingschool.com\/index.php?rest_route=%2Fwp%2Fv2%2Fcomments&post=185"}],"version-history":[{"count":109,"href":"https:\/\/raroridingschool.com\/index.php?rest_route=\/wp\/v2\/pages\/185\/revisions"}],"predecessor-version":[{"id":3402,"href":"https:\/\/raroridingschool.com\/index.php?rest_route=\/wp\/v2\/pages\/185\/revisions\/3402"}],"wp:attachment":[{"href":"https:\/\/raroridingschool.com\/index.php?rest_route=%2Fwp%2Fv2%2Fmedia&parent=185"}],"curies":[{"name":"wp","href":"https:\/\/api.w.org\/{rel}","templated":true}]}}