{"id":130,"date":"2021-11-17T21:12:52","date_gmt":"2021-11-17T21:12:52","guid":{"rendered":"https:\/\/raroridingschool.com\/?page_id=130"},"modified":"2026-03-27T14:22:56","modified_gmt":"2026-03-27T14:22:56","slug":"somos-raro-riding-school","status":"publish","type":"page","link":"https:\/\/raroridingschool.com\/?page_id=130","title":{"rendered":"Somos RARO Riding School"},"content":{"rendered":"\t\t<div data-elementor-type=\"wp-page\" data-elementor-id=\"130\" class=\"elementor elementor-130\">\n\t\t\t\t\t\t<section class=\"elementor-section elementor-top-section elementor-element elementor-element-c5392cb elementor-section-stretched elementor-hidden-mobile elementor-section-boxed elementor-section-height-default elementor-section-height-default\" data-id=\"c5392cb\" data-element_type=\"section\" data-e-type=\"section\" data-settings=\"{&quot;stretch_section&quot;:&quot;section-stretched&quot;,&quot;background_background&quot;:&quot;classic&quot;}\">\n\t\t\t\t\t\t<div class=\"elementor-container elementor-column-gap-default\">\n\t\t\t\t\t<div class=\"elementor-column elementor-col-66 elementor-top-column elementor-element elementor-element-260ba0c\" data-id=\"260ba0c\" data-element_type=\"column\" data-e-type=\"column\">\n\t\t\t<div class=\"elementor-widget-wrap elementor-element-populated\">\n\t\t\t\t\t\t<div class=\"elementor-element elementor-element-cd0a36b elementor-widget elementor-widget-heading\" data-id=\"cd0a36b\" data-element_type=\"widget\" data-e-type=\"widget\" data-widget_type=\"heading.default\">\n\t\t\t\t<div class=\"elementor-widget-container\">\n\t\t\t\t\t<h2 class=\"elementor-heading-title elementor-size-default\">Nuestra filosof\u00eda<\/h2>\t\t\t\t<\/div>\n\t\t\t\t<\/div>\n\t\t\t\t<div class=\"elementor-element elementor-element-8e11bc0 elementor-widget elementor-widget-text-editor\" data-id=\"8e11bc0\" data-element_type=\"widget\" data-e-type=\"widget\" data-widget_type=\"text-editor.default\">\n\t\t\t\t<div class=\"elementor-widget-container\">\n\t\t\t\t\t\t\t\t\t<p style=\"text-align: center;\">Somos una escuela centrada&nbsp;<strong>por y para los pilotos<\/strong>. Nuestro objetivo principal es hacer crecer al piloto y a la persona por igual. Ambos perfiles se retroalimentan.<\/p>\n<p style=\"text-align: center;\">Hemos vivido y seguimos viviendo la competici\u00f3n desde dentro y queremos aportar los mejores valores y conocimientos para que nuestros pilotos vivan al m\u00e1ximo su pasi\u00f3n con los mejores resultados posibles.<\/p>\t\t\t\t\t\t\t\t<\/div>\n\t\t\t\t<\/div>\n\t\t\t\t\t<\/div>\n\t\t<\/div>\n\t\t\t\t<div class=\"elementor-column elementor-col-33 elementor-top-column elementor-element elementor-element-d416d66\" data-id=\"d416d66\" data-element_type=\"column\" data-e-type=\"column\">\n\t\t\t<div class=\"elementor-widget-wrap elementor-element-populated\">\n\t\t\t\t\t\t<div class=\"elementor-element elementor-element-641d6b2 elementor-widget elementor-widget-image\" data-id=\"641d6b2\" data-element_type=\"widget\" data-e-type=\"widget\" data-widget_type=\"image.default\">\n\t\t\t\t<div class=\"elementor-widget-container\">\n\t\t\t\t\t\t\t\t\t\t\t\t\t\t\t<img fetchpriority=\"high\" decoding=\"async\" width=\"512\" height=\"512\" src=\"https:\/\/raroridingschool.com\/wp-content\/uploads\/2021\/09\/cropped-LOGO-SIN-FONDO-Small-Square.png\" class=\"attachment-large size-large wp-image-17\" alt=\"\" srcset=\"https:\/\/raroridingschool.com\/wp-content\/uploads\/2021\/09\/cropped-LOGO-SIN-FONDO-Small-Square.png 512w, https:\/\/raroridingschool.com\/wp-content\/uploads\/2021\/09\/cropped-LOGO-SIN-FONDO-Small-Square-300x300.png 300w, https:\/\/raroridingschool.com\/wp-content\/uploads\/2021\/09\/cropped-LOGO-SIN-FONDO-Small-Square-150x150.png 150w, https:\/\/raroridingschool.com\/wp-content\/uploads\/2021\/09\/cropped-LOGO-SIN-FONDO-Small-Square-270x270.png 270w, https:\/\/raroridingschool.com\/wp-content\/uploads\/2021\/09\/cropped-LOGO-SIN-FONDO-Small-Square-192x192.png 192w, https:\/\/raroridingschool.com\/wp-content\/uploads\/2021\/09\/cropped-LOGO-SIN-FONDO-Small-Square-180x180.png 180w, https:\/\/raroridingschool.com\/wp-content\/uploads\/2021\/09\/cropped-LOGO-SIN-FONDO-Small-Square-32x32.png 32w\" sizes=\"100vw\" \/>\t\t\t\t\t\t\t\t\t\t\t\t\t\t\t<\/div>\n\t\t\t\t<\/div>\n\t\t\t\t\t<\/div>\n\t\t<\/div>\n\t\t\t\t\t<\/div>\n\t\t<\/section>\n\t\t\t\t<section class=\"elementor-section elementor-top-section elementor-element elementor-element-778fd70 elementor-section-full_width elementor-section-stretched elementor-hidden-desktop elementor-hidden-tablet elementor-section-height-default elementor-section-height-default\" data-id=\"778fd70\" data-element_type=\"section\" data-e-type=\"section\" data-settings=\"{&quot;stretch_section&quot;:&quot;section-stretched&quot;,&quot;background_background&quot;:&quot;classic&quot;}\">\n\t\t\t\t\t\t<div class=\"elementor-container elementor-column-gap-default\">\n\t\t\t\t\t<div class=\"elementor-column elementor-col-33 elementor-top-column elementor-element elementor-element-424ac29\" data-id=\"424ac29\" data-element_type=\"column\" data-e-type=\"column\">\n\t\t\t<div class=\"elementor-widget-wrap elementor-element-populated\">\n\t\t\t\t\t\t<div class=\"elementor-element elementor-element-88f6dc3 elementor-widget elementor-widget-image\" data-id=\"88f6dc3\" data-element_type=\"widget\" data-e-type=\"widget\" data-widget_type=\"image.default\">\n\t\t\t\t<div class=\"elementor-widget-container\">\n\t\t\t\t\t\t\t\t\t\t\t\t\t\t\t<img fetchpriority=\"high\" decoding=\"async\" width=\"512\" height=\"512\" src=\"https:\/\/raroridingschool.com\/wp-content\/uploads\/2021\/09\/cropped-LOGO-SIN-FONDO-Small-Square.png\" class=\"attachment-large size-large wp-image-17\" alt=\"\" srcset=\"https:\/\/raroridingschool.com\/wp-content\/uploads\/2021\/09\/cropped-LOGO-SIN-FONDO-Small-Square.png 512w, https:\/\/raroridingschool.com\/wp-content\/uploads\/2021\/09\/cropped-LOGO-SIN-FONDO-Small-Square-300x300.png 300w, https:\/\/raroridingschool.com\/wp-content\/uploads\/2021\/09\/cropped-LOGO-SIN-FONDO-Small-Square-150x150.png 150w, https:\/\/raroridingschool.com\/wp-content\/uploads\/2021\/09\/cropped-LOGO-SIN-FONDO-Small-Square-270x270.png 270w, https:\/\/raroridingschool.com\/wp-content\/uploads\/2021\/09\/cropped-LOGO-SIN-FONDO-Small-Square-192x192.png 192w, https:\/\/raroridingschool.com\/wp-content\/uploads\/2021\/09\/cropped-LOGO-SIN-FONDO-Small-Square-180x180.png 180w, https:\/\/raroridingschool.com\/wp-content\/uploads\/2021\/09\/cropped-LOGO-SIN-FONDO-Small-Square-32x32.png 32w\" sizes=\"100vw\" \/>\t\t\t\t\t\t\t\t\t\t\t\t\t\t\t<\/div>\n\t\t\t\t<\/div>\n\t\t\t\t\t<\/div>\n\t\t<\/div>\n\t\t\t\t<div class=\"elementor-column elementor-col-66 elementor-top-column elementor-element elementor-element-e8a2de8\" data-id=\"e8a2de8\" data-element_type=\"column\" data-e-type=\"column\">\n\t\t\t<div class=\"elementor-widget-wrap elementor-element-populated\">\n\t\t\t\t\t\t<div class=\"elementor-element elementor-element-d29ccfc elementor-widget elementor-widget-heading\" data-id=\"d29ccfc\" data-element_type=\"widget\" data-e-type=\"widget\" data-widget_type=\"heading.default\">\n\t\t\t\t<div class=\"elementor-widget-container\">\n\t\t\t\t\t<h2 class=\"elementor-heading-title elementor-size-default\">Nuestra filosof\u00eda<\/h2>\t\t\t\t<\/div>\n\t\t\t\t<\/div>\n\t\t\t\t<div class=\"elementor-element elementor-element-7bf361d elementor-widget elementor-widget-text-editor\" data-id=\"7bf361d\" data-element_type=\"widget\" data-e-type=\"widget\" data-widget_type=\"text-editor.default\">\n\t\t\t\t<div class=\"elementor-widget-container\">\n\t\t\t\t\t\t\t\t\t<p style=\"text-align: center;\">Somos una escuela centrada&nbsp;<strong>por y para los pilotos<\/strong>. Nuestro objetivo principal es hacer crecer al piloto y a la persona por igual. Ambos perfiles se retroalimentan.<\/p>\n<p style=\"text-align: center;\">Hemos vivido y seguimos viviendo la competici\u00f3n desde dentro y queremos aportar los mejores valores y conocimientos para que nuestros pilotos vivan al m\u00e1ximo su pasi\u00f3n con los mejores resultados posibles.<\/p>\t\t\t\t\t\t\t\t<\/div>\n\t\t\t\t<\/div>\n\t\t\t\t\t<\/div>\n\t\t<\/div>\n\t\t\t\t\t<\/div>\n\t\t<\/section>\n\t\t\t\t<section class=\"elementor-section elementor-top-section elementor-element elementor-element-aeae12f elementor-section-full_width elementor-section-stretched elementor-section-height-default elementor-section-height-default\" data-id=\"aeae12f\" data-element_type=\"section\" data-e-type=\"section\" data-settings=\"{&quot;stretch_section&quot;:&quot;section-stretched&quot;}\">\n\t\t\t\t\t\t<div class=\"elementor-container elementor-column-gap-default\">\n\t\t\t\t\t<div class=\"elementor-column elementor-col-100 elementor-top-column elementor-element elementor-element-52b6356\" data-id=\"52b6356\" data-element_type=\"column\" data-e-type=\"column\">\n\t\t\t<div class=\"elementor-widget-wrap elementor-element-populated\">\n\t\t\t\t\t\t<div class=\"elementor-element elementor-element-c47c027 elementor-widget elementor-widget-heading\" data-id=\"c47c027\" data-element_type=\"widget\" data-e-type=\"widget\" data-widget_type=\"heading.default\">\n\t\t\t\t<div class=\"elementor-widget-container\">\n\t\t\t\t\t<h2 class=\"elementor-heading-title elementor-size-default\">NUESTRO EQUIPO<\/h2>\t\t\t\t<\/div>\n\t\t\t\t<\/div>\n\t\t\t\t\t<\/div>\n\t\t<\/div>\n\t\t\t\t\t<\/div>\n\t\t<\/section>\n\t\t\t\t<section class=\"elementor-section elementor-top-section elementor-element elementor-element-6ad551f elementor-section-stretched elementor-section-boxed elementor-section-height-default elementor-section-height-default\" data-id=\"6ad551f\" data-element_type=\"section\" data-e-type=\"section\" data-settings=\"{&quot;stretch_section&quot;:&quot;section-stretched&quot;}\">\n\t\t\t\t\t\t<div class=\"elementor-container elementor-column-gap-default\">\n\t\t\t\t\t<div class=\"elementor-column elementor-col-33 elementor-top-column elementor-element elementor-element-1a892a4\" data-id=\"1a892a4\" data-element_type=\"column\" data-e-type=\"column\">\n\t\t\t<div class=\"elementor-widget-wrap elementor-element-populated\">\n\t\t\t\t\t\t<div class=\"elementor-element elementor-element-07fa7ce elementor-widget elementor-widget-image\" data-id=\"07fa7ce\" data-element_type=\"widget\" data-e-type=\"widget\" data-widget_type=\"image.default\">\n\t\t\t\t<div class=\"elementor-widget-container\">\n\t\t\t\t\t\t\t\t\t\t\t\t\t\t\t<img decoding=\"async\" width=\"374\" height=\"480\" src=\"https:\/\/raroridingschool.com\/wp-content\/uploads\/2025\/11\/RRS_NosotrosAlex2025.jpg\" class=\"attachment-large size-large wp-image-3094\" alt=\"\" srcset=\"https:\/\/raroridingschool.com\/wp-content\/uploads\/2025\/11\/RRS_NosotrosAlex2025.jpg 374w, https:\/\/raroridingschool.com\/wp-content\/uploads\/2025\/11\/RRS_NosotrosAlex2025-234x300.jpg 234w\" sizes=\"100vw\" \/>\t\t\t\t\t\t\t\t\t\t\t\t\t\t\t<\/div>\n\t\t\t\t<\/div>\n\t\t\t\t\t<\/div>\n\t\t<\/div>\n\t\t\t\t<div class=\"elementor-column elementor-col-66 elementor-top-column elementor-element elementor-element-31b4405\" data-id=\"31b4405\" data-element_type=\"column\" data-e-type=\"column\">\n\t\t\t<div class=\"elementor-widget-wrap elementor-element-populated\">\n\t\t\t\t\t\t<div class=\"elementor-element elementor-element-d1896fc elementor-widget elementor-widget-heading\" data-id=\"d1896fc\" data-element_type=\"widget\" data-e-type=\"widget\" data-widget_type=\"heading.default\">\n\t\t\t\t<div class=\"elementor-widget-container\">\n\t\t\t\t\t<h2 class=\"elementor-heading-title elementor-size-default\">Alex Rubio<\/h2>\t\t\t\t<\/div>\n\t\t\t\t<\/div>\n\t\t\t\t<div class=\"elementor-element elementor-element-541fcd6 elementor-widget elementor-widget-text-editor\" data-id=\"541fcd6\" data-element_type=\"widget\" data-e-type=\"widget\" data-widget_type=\"text-editor.default\">\n\t\t\t\t<div class=\"elementor-widget-container\">\n\t\t\t\t\t\t\t\t\t<p class=\"docx_prrafodelista\">Alex Rubio Garc\u00eda dio sus primeros pasos en el mundo de las competiciones a los 8 a\u00f1os, sumergi\u00e9ndose en el mundo del off-road y minimotard. Sin embargo, debido a dificultades personales, tuvo que pausar su carrera. A los 19 a\u00f1os, decidi\u00f3 regresar con m\u00e1s fuerza que nunca, volviendo a las motos y poni\u00e9ndose al mando de una SBK, la categor\u00eda reina de las motos derivadas de serie.<\/p><p class=\"docx_prrafodelista\">Aunque su carrera deportiva comenz\u00f3 m\u00e1s tarde que la de otros pilotos, a sus 27 a\u00f1os, Alex se ha ganado un lugar destacado en el motociclismo, consiguiendo varios t\u00edtulos tanto a nivel regional como nacional. Ha competido mano a mano con algunos de los atletas m\u00e1s experimentados, demostrando que la pasi\u00f3n y la determinaci\u00f3n no tienen l\u00edmite de edad.<\/p><p class=\"docx_prrafodelista\">Hoy, Alex desempe\u00f1a el rol de Rider Performance Analyst para el Team Estrella Galicia 0\u20190 en el campeonato mundial FIM JuniorGP y Moto2, donde aporta su visi\u00f3n y experiencia para optimizar el rendimiento de los pilotos m\u00e1s j\u00f3venes. Adem\u00e1s, lidera el equipo FR Moto y la Escuela de Formaci\u00f3n Raro Riding School, donde comparte su conocimiento y pasi\u00f3n por las motos con los futuros talentos del motociclismo.<\/p>\t\t\t\t\t\t\t\t<\/div>\n\t\t\t\t<\/div>\n\t\t\t\t\t<\/div>\n\t\t<\/div>\n\t\t\t\t\t<\/div>\n\t\t<\/section>\n\t\t\t\t<section class=\"elementor-section elementor-top-section elementor-element elementor-element-0288f03 elementor-section-full_width elementor-section-stretched elementor-hidden-desktop elementor-hidden-tablet elementor-section-height-default elementor-section-height-default\" data-id=\"0288f03\" data-element_type=\"section\" data-e-type=\"section\" data-settings=\"{&quot;stretch_section&quot;:&quot;section-stretched&quot;,&quot;background_background&quot;:&quot;classic&quot;}\">\n\t\t\t\t\t\t<div class=\"elementor-container elementor-column-gap-default\">\n\t\t\t\t\t<div class=\"elementor-column elementor-col-33 elementor-top-column elementor-element elementor-element-701a9c8\" data-id=\"701a9c8\" data-element_type=\"column\" data-e-type=\"column\">\n\t\t\t<div class=\"elementor-widget-wrap elementor-element-populated\">\n\t\t\t\t\t\t\t<\/div>\n\t\t<\/div>\n\t\t\t\t<div class=\"elementor-column elementor-col-66 elementor-top-column elementor-element elementor-element-726fee4\" data-id=\"726fee4\" data-element_type=\"column\" data-e-type=\"column\">\n\t\t\t<div class=\"elementor-widget-wrap elementor-element-populated\">\n\t\t\t\t\t\t<div class=\"elementor-element elementor-element-3a3876d elementor-widget elementor-widget-heading\" data-id=\"3a3876d\" data-element_type=\"widget\" data-e-type=\"widget\" data-widget_type=\"heading.default\">\n\t\t\t\t<div class=\"elementor-widget-container\">\n\t\t\t\t\t<h2 class=\"elementor-heading-title elementor-size-default\">Miguel Parra<\/h2>\t\t\t\t<\/div>\n\t\t\t\t<\/div>\n\t\t\t\t<div class=\"elementor-element elementor-element-e6bbb55 elementor-widget elementor-widget-text-editor\" data-id=\"e6bbb55\" data-element_type=\"widget\" data-e-type=\"widget\" data-widget_type=\"text-editor.default\">\n\t\t\t\t<div class=\"elementor-widget-container\">\n\t\t\t\t\t\t\t\t\t<p style=\"text-align: center;\">&#8230;<\/p>\t\t\t\t\t\t\t\t<\/div>\n\t\t\t\t<\/div>\n\t\t\t\t\t<\/div>\n\t\t<\/div>\n\t\t\t\t\t<\/div>\n\t\t<\/section>\n\t\t\t\t<section class=\"elementor-section elementor-top-section elementor-element elementor-element-01700c9 elementor-section-stretched elementor-hidden-mobile elementor-section-boxed elementor-section-height-default elementor-section-height-default\" data-id=\"01700c9\" data-element_type=\"section\" data-e-type=\"section\" data-settings=\"{&quot;stretch_section&quot;:&quot;section-stretched&quot;,&quot;background_background&quot;:&quot;classic&quot;}\">\n\t\t\t\t\t\t<div class=\"elementor-container elementor-column-gap-default\">\n\t\t\t\t\t<div class=\"elementor-column elementor-col-66 elementor-top-column elementor-element elementor-element-8a6dbe4\" data-id=\"8a6dbe4\" data-element_type=\"column\" data-e-type=\"column\">\n\t\t\t<div class=\"elementor-widget-wrap elementor-element-populated\">\n\t\t\t\t\t\t<div class=\"elementor-element elementor-element-3a37815 elementor-widget elementor-widget-heading\" data-id=\"3a37815\" data-element_type=\"widget\" data-e-type=\"widget\" data-widget_type=\"heading.default\">\n\t\t\t\t<div class=\"elementor-widget-container\">\n\t\t\t\t\t<h2 class=\"elementor-heading-title elementor-size-default\">Miguel Parra<\/h2>\t\t\t\t<\/div>\n\t\t\t\t<\/div>\n\t\t\t\t<div class=\"elementor-element elementor-element-7dd9c9a elementor-widget elementor-widget-text-editor\" data-id=\"7dd9c9a\" data-element_type=\"widget\" data-e-type=\"widget\" data-widget_type=\"text-editor.default\">\n\t\t\t\t<div class=\"elementor-widget-container\">\n\t\t\t\t\t\t\t\t\t<p class=\"docx_prrafodelista\">Soy Miguel Parra, pero en el mundo de las motos me conocen como \u201cMichael\u201d. Mi historia sobre dos ruedas comenz\u00f3 a los 3 a\u00f1os, cuando recib\u00ed mi primera moto de gasolina. Desde entonces, no he parado de competir y superarme.<\/p><p class=\"docx_prrafodelista\">A los 5 a\u00f1os ya estaba ganando mi primer campeonato regional, y con 8 a\u00f1os logr\u00e9 mi primer t\u00edtulo de campe\u00f3n de Catalu\u00f1a en la categor\u00eda 50cc. Al a\u00f1o siguiente, volv\u00ed a subir al podio, llev\u00e1ndome el campeonato, todas las poles y la victoria en cada carrera. \ud83c\udfc6<\/p><p class=\"docx_prrafodelista\">Mi carrera profesional despeg\u00f3 en 2012 con el equipo RMU Moto. En 2013 y 2014, con el equipo Monlau Competici\u00f3n, me coron\u00e9 como el tercer mejor piloto de Espa\u00f1a en la categor\u00eda 80cc.<\/p><p class=\"docx_prrafodelista\">En 2015, estuve luchando por el campeonato de Espa\u00f1a en la categor\u00eda Pre-Moto3, donde finalmente consegu\u00ed un impresionante segundo puesto. Ese mismo esp\u00edritu de lucha me llev\u00f3 en 2017 a la European Talent Cup (ETC), donde finalic\u00e9 en s\u00e9ptima posici\u00f3n, dejando claro que el talento y la determinaci\u00f3n son parte de mi ADN.<\/p><p class=\"docx_prrafodelista\">\u00a0<\/p><p class=\"docx_prrafodelista\">Hoy en d\u00eda, mi carrera ha tomado un giro apasionante. Me desempe\u00f1o como Rider Performance Analyst para el Team Estrella Galicia 0,0 en el campeonato mundial FIM JuniorGP, donde mi experiencia y an\u00e1lisis contribuyen al desarrollo de los pilotos m\u00e1s j\u00f3venes y prometedores.<\/p><p class=\"docx_prrafodelista\">Desde Raro Riding School, s\u00e9 lo importante que es potenciar el rendimiento y la pasi\u00f3n por las motos, y estoy aqu\u00ed para ayudar a llevar tu nivel al siguiente paso.<\/p>\t\t\t\t\t\t\t\t<\/div>\n\t\t\t\t<\/div>\n\t\t\t\t\t<\/div>\n\t\t<\/div>\n\t\t\t\t<div class=\"elementor-column elementor-col-33 elementor-top-column elementor-element elementor-element-9424463\" data-id=\"9424463\" data-element_type=\"column\" data-e-type=\"column\">\n\t\t\t<div class=\"elementor-widget-wrap elementor-element-populated\">\n\t\t\t\t\t\t<div class=\"elementor-element elementor-element-076ea51 elementor-widget elementor-widget-image\" data-id=\"076ea51\" data-element_type=\"widget\" data-e-type=\"widget\" data-widget_type=\"image.default\">\n\t\t\t\t<div class=\"elementor-widget-container\">\n\t\t\t\t\t\t\t\t\t\t\t\t\t\t\t<img decoding=\"async\" src=\"https:\/\/raroridingschool.com\/wp-content\/uploads\/2026\/03\/miguelparracoach.jpg\" title=\"miguelparracoach\" alt=\"miguelparracoach\" loading=\"lazy\" \/>\t\t\t\t\t\t\t\t\t\t\t\t\t\t\t<\/div>\n\t\t\t\t<\/div>\n\t\t\t\t\t<\/div>\n\t\t<\/div>\n\t\t\t\t\t<\/div>\n\t\t<\/section>\n\t\t\t\t<\/div>\n\t\t","protected":false},"excerpt":{"rendered":"<p>Nuestra filosof\u00eda Somos una escuela centrada&nbsp;por y para los pilotos. Nuestro objetivo principal es hacer crecer al piloto y a la persona por igual. Ambos perfiles se retroalimentan. Hemos vivido y seguimos viviendo la competici\u00f3n desde dentro y queremos aportar los mejores valores y conocimientos para que nuestros pilotos vivan al m\u00e1ximo su pasi\u00f3n con &hellip; <\/p>\n<p class=\"link-more\"><a href=\"https:\/\/raroridingschool.com\/?page_id=130\" class=\"more-link\">Leer m\u00e1s<span class=\"screen-reader-text\"> \u00abSomos RARO Riding School\u00bb<\/span><\/a><\/p>\n","protected":false},"author":1,"featured_media":0,"parent":0,"menu_order":0,"comment_status":"closed","ping_status":"closed","template":"","meta":{"inspiro_hide_title":false,"footnotes":""},"class_list":["post-130","page","type-page","status-publish","hentry"],"aioseo_notices":[],"_links":{"self":[{"href":"https:\/\/raroridingschool.com\/index.php?rest_route=\/wp\/v2\/pages\/130","targetHints":{"allow":["GET"]}}],"collection":[{"href":"https:\/\/raroridingschool.com\/index.php?rest_route=\/wp\/v2\/pages"}],"about":[{"href":"https:\/\/raroridingschool.com\/index.php?rest_route=\/wp\/v2\/types\/page"}],"author":[{"embeddable":true,"href":"https:\/\/raroridingschool.com\/index.php?rest_route=\/wp\/v2\/users\/1"}],"replies":[{"embeddable":true,"href":"https:\/\/raroridingschool.com\/index.php?rest_route=%2Fwp%2Fv2%2Fcomments&post=130"}],"version-history":[{"count":59,"href":"https:\/\/raroridingschool.com\/index.php?rest_route=\/wp\/v2\/pages\/130\/revisions"}],"predecessor-version":[{"id":3265,"href":"https:\/\/raroridingschool.com\/index.php?rest_route=\/wp\/v2\/pages\/130\/revisions\/3265"}],"wp:attachment":[{"href":"https:\/\/raroridingschool.com\/index.php?rest_route=%2Fwp%2Fv2%2Fmedia&parent=130"}],"curies":[{"name":"wp","href":"https:\/\/api.w.org\/{rel}","templated":true}]}}